{"id":664,"date":"2021-04-25T06:05:55","date_gmt":"2021-04-25T10:05:55","guid":{"rendered":"http:\/\/uycadvisors.com\/?page_id=664"},"modified":"2023-11-08T14:36:43","modified_gmt":"2023-11-08T17:36:43","slug":"sofia-gaedechens","status":"publish","type":"page","link":"https:\/\/uycadvisor.com\/es\/sofia-gaedechens\/","title":{"rendered":"Sof\u00eda Gaedechens"},"content":{"rendered":"\t\t<div data-elementor-type=\"wp-page\" data-elementor-id=\"664\" class=\"elementor elementor-664\" data-elementor-post-type=\"page\">\n\t\t\t\t\t\t<section class=\"elementor-section elementor-top-section elementor-element elementor-element-c4969e1 elementor-section-height-min-height elementor-section-boxed elementor-section-height-default elementor-section-items-middle\" data-id=\"c4969e1\" data-element_type=\"section\" data-settings=\"{&quot;background_background&quot;:&quot;classic&quot;}\">\n\t\t\t\t\t\t<div class=\"elementor-container elementor-column-gap-default\">\n\t\t\t\t\t<div class=\"elementor-column elementor-col-100 elementor-top-column elementor-element elementor-element-5acf59b\" data-id=\"5acf59b\" data-element_type=\"column\">\n\t\t\t<div class=\"elementor-widget-wrap elementor-element-populated\">\n\t\t\t\t\t\t<div class=\"elementor-element elementor-element-aed6ca6 elementor-widget elementor-widget-heading\" data-id=\"aed6ca6\" data-element_type=\"widget\" data-widget_type=\"heading.default\">\n\t\t\t\t<div class=\"elementor-widget-container\">\n\t\t\t\t\t<h2 class=\"elementor-heading-title elementor-size-default\">Nuestro equipo<\/h2>\t\t\t\t<\/div>\n\t\t\t\t<\/div>\n\t\t\t\t<div class=\"elementor-element elementor-element-0b93d7f elementor-widget elementor-widget-text-editor\" data-id=\"0b93d7f\" data-element_type=\"widget\" data-widget_type=\"text-editor.default\">\n\t\t\t\t<div class=\"elementor-widget-container\">\n\t\t\t\t\t\t\t\t\t<p>Nuestros profesionales, son un equipo de talento especializado, que cuenta con una s\u00f3lida formaci\u00f3n jur\u00eddica y econ\u00f3mica. Entregan un asesoramiento de m\u00e1xima calidad, en cualquier sector y l\u00ednea generacional en la que se encuentren nuestros clientes.<\/p><p><\/p>\t\t\t\t\t\t\t\t<\/div>\n\t\t\t\t<\/div>\n\t\t\t\t<div class=\"elementor-element elementor-element-f10106a elementor-absolute elementor-hidden-phone elementor-widget-divider--view-line elementor-widget elementor-widget-divider\" data-id=\"f10106a\" data-element_type=\"widget\" data-settings=\"{&quot;_position&quot;:&quot;absolute&quot;}\" data-widget_type=\"divider.default\">\n\t\t\t\t<div class=\"elementor-widget-container\">\n\t\t\t\t\t\t\t<div class=\"elementor-divider\">\n\t\t\t<span class=\"elementor-divider-separator\">\n\t\t\t\t\t\t<\/span>\n\t\t<\/div>\n\t\t\t\t\t\t<\/div>\n\t\t\t\t<\/div>\n\t\t\t\t\t<\/div>\n\t\t<\/div>\n\t\t\t\t\t<\/div>\n\t\t<\/section>\n\t\t\t\t<section class=\"elementor-section elementor-top-section elementor-element elementor-element-4f1f1d9e elementor-section-boxed elementor-section-height-default elementor-section-height-default\" data-id=\"4f1f1d9e\" data-element_type=\"section\" data-settings=\"{&quot;background_background&quot;:&quot;classic&quot;}\">\n\t\t\t\t\t\t<div class=\"elementor-container elementor-column-gap-default\">\n\t\t\t\t\t<div class=\"elementor-column elementor-col-33 elementor-top-column elementor-element elementor-element-5db36a28\" data-id=\"5db36a28\" data-element_type=\"column\">\n\t\t\t<div class=\"elementor-widget-wrap elementor-element-populated\">\n\t\t\t\t\t\t<div class=\"elementor-element elementor-element-39afa429 elementor-widget elementor-widget-image\" data-id=\"39afa429\" data-element_type=\"widget\" data-widget_type=\"image.default\">\n\t\t\t\t<div class=\"elementor-widget-container\">\n\t\t\t\t\t\t\t\t\t\t\t\t\t\t\t<img fetchpriority=\"high\" decoding=\"async\" width=\"600\" height=\"738\" src=\"https:\/\/uycadvisor.com\/wp-content\/uploads\/2022\/01\/Sofia-Gaedechens-uycia.jpg\" class=\"attachment-large size-large wp-image-2091\" alt=\"\" srcset=\"https:\/\/uycadvisor.com\/wp-content\/uploads\/2022\/01\/Sofia-Gaedechens-uycia.jpg 600w, https:\/\/uycadvisor.com\/wp-content\/uploads\/2022\/01\/Sofia-Gaedechens-uycia-244x300.jpg 244w\" sizes=\"(max-width: 600px) 100vw, 600px\" \/>\t\t\t\t\t\t\t\t\t\t\t\t\t\t\t<\/div>\n\t\t\t\t<\/div>\n\t\t\t\t<div class=\"elementor-element elementor-element-4da85cb7 elementor-widget elementor-widget-heading\" data-id=\"4da85cb7\" data-element_type=\"widget\" data-widget_type=\"heading.default\">\n\t\t\t\t<div class=\"elementor-widget-container\">\n\t\t\t\t\t<h5 class=\"elementor-heading-title elementor-size-default\">Sofia Gaedechens<\/h5>\t\t\t\t<\/div>\n\t\t\t\t<\/div>\n\t\t\t\t<div class=\"elementor-element elementor-element-a651998 elementor-widget elementor-widget-text-editor\" data-id=\"a651998\" data-element_type=\"widget\" data-widget_type=\"text-editor.default\">\n\t\t\t\t<div class=\"elementor-widget-container\">\n\t\t\t\t\t\t\t\t\t<p>ABOGADA<\/p>\t\t\t\t\t\t\t\t<\/div>\n\t\t\t\t<\/div>\n\t\t\t\t<div class=\"elementor-element elementor-element-7fd91b39 elementor-icon-list--layout-traditional elementor-list-item-link-full_width elementor-widget elementor-widget-icon-list\" data-id=\"7fd91b39\" data-element_type=\"widget\" data-widget_type=\"icon-list.default\">\n\t\t\t\t<div class=\"elementor-widget-container\">\n\t\t\t\t\t\t\t<ul class=\"elementor-icon-list-items\">\n\t\t\t\t\t\t\t<li class=\"elementor-icon-list-item\">\n\t\t\t\t\t\t\t\t\t\t\t<a href=\"mailto:sgaedechens@uycia.cl\">\n\n\t\t\t\t\t\t\t\t\t\t\t<span class=\"elementor-icon-list-text\">Mail: sgaedechens@uycia.cl<\/span>\n\t\t\t\t\t\t\t\t\t\t\t<\/a>\n\t\t\t\t\t\t\t\t\t<\/li>\n\t\t\t\t\t\t\t\t<li class=\"elementor-icon-list-item\">\n\t\t\t\t\t\t\t\t\t\t\t<a href=\"tel:+56232246300\">\n\n\t\t\t\t\t\t\t\t\t\t\t<span class=\"elementor-icon-list-text\"> Tel: +56 2 3224 6300<\/span>\n\t\t\t\t\t\t\t\t\t\t\t<\/a>\n\t\t\t\t\t\t\t\t\t<\/li>\n\t\t\t\t\t\t\t\t<li class=\"elementor-icon-list-item\">\n\t\t\t\t\t\t\t\t\t\t<span class=\"elementor-icon-list-text\"> Oficina de Santiago <\/span>\n\t\t\t\t\t\t\t\t\t<\/li>\n\t\t\t\t\t\t<\/ul>\n\t\t\t\t\t\t<\/div>\n\t\t\t\t<\/div>\n\t\t\t\t\t<\/div>\n\t\t<\/div>\n\t\t\t\t<div class=\"elementor-column elementor-col-66 elementor-top-column elementor-element elementor-element-5eff4f9e\" data-id=\"5eff4f9e\" data-element_type=\"column\" data-settings=\"{&quot;background_background&quot;:&quot;classic&quot;}\">\n\t\t\t<div class=\"elementor-widget-wrap elementor-element-populated\">\n\t\t\t\t\t\t<div class=\"elementor-element elementor-element-4a65f1c4 elementor-widget elementor-widget-heading\" data-id=\"4a65f1c4\" data-element_type=\"widget\" data-widget_type=\"heading.default\">\n\t\t\t\t<div class=\"elementor-widget-container\">\n\t\t\t\t\t<h2 class=\"elementor-heading-title elementor-size-default\">Sof\u00eda Gaedechens<\/h2>\t\t\t\t<\/div>\n\t\t\t\t<\/div>\n\t\t\t\t<div class=\"elementor-element elementor-element-bcde92d elementor-widget elementor-widget-heading\" data-id=\"bcde92d\" data-element_type=\"widget\" data-widget_type=\"heading.default\">\n\t\t\t\t<div class=\"elementor-widget-container\">\n\t\t\t\t\t<div class=\"elementor-heading-title elementor-size-default\">ABOGADA\n\n<\/div>\t\t\t\t<\/div>\n\t\t\t\t<\/div>\n\t\t\t\t<div class=\"elementor-element elementor-element-6c15b03d elementor-widget elementor-widget-text-editor\" data-id=\"6c15b03d\" data-element_type=\"widget\" data-widget_type=\"text-editor.default\">\n\t\t\t\t<div class=\"elementor-widget-container\">\n\t\t\t\t\t\t\t\t\t<p><strong>Abogada especializada en el \u00e1rea tributaria internacional.<br><\/strong>Su pr\u00e1ctica diaria consiste en asesorar a clientes en materias de tributaci\u00f3n nacional e internacional, as\u00ed como tambi\u00e9n apoyar al equipo en temas corporativos.<\/p>\n<p class=\"p1\">Se incorpor\u00f3 al equipo de Ulloa &amp; C\u00eda el a\u00f1o en 2021.<\/p>\n<p><strong>Especialidades<br><\/strong>\u2013 Tributario<br>\u2013 Corporativo<\/p>\n<p><strong>Formaci\u00f3n<br><\/strong>\u2013 Licenciada en Derecho y Abogada con dos votos de distinci\u00f3n, Pontificia Universidad Cat\u00f3lica de Chile (2020).<br>\u2013 Idiomas: espa\u00f1ol e ingl\u00e9s.<\/p>\t\t\t\t\t\t\t\t<\/div>\n\t\t\t\t<\/div>\n\t\t\t\t\t<\/div>\n\t\t<\/div>\n\t\t\t\t\t<\/div>\n\t\t<\/section>\n\t\t\t\t<section class=\"elementor-section elementor-top-section elementor-element elementor-element-f297c66 elementor-section-boxed elementor-section-height-default elementor-section-height-default\" data-id=\"f297c66\" data-element_type=\"section\">\n\t\t\t\t\t\t<div class=\"elementor-container elementor-column-gap-default\">\n\t\t\t\t\t<div class=\"elementor-column elementor-col-33 elementor-top-column elementor-element elementor-element-512eea1\" data-id=\"512eea1\" data-element_type=\"column\">\n\t\t\t<div class=\"elementor-widget-wrap\">\n\t\t\t\t\t\t\t<\/div>\n\t\t<\/div>\n\t\t\t\t<div class=\"elementor-column elementor-col-33 elementor-top-column elementor-element elementor-element-1d27440\" data-id=\"1d27440\" data-element_type=\"column\">\n\t\t\t<div class=\"elementor-widget-wrap elementor-element-populated\">\n\t\t\t\t\t\t<div class=\"elementor-element elementor-element-eca76b4 elementor-widget elementor-widget-heading\" data-id=\"eca76b4\" data-element_type=\"widget\" data-widget_type=\"heading.default\">\n\t\t\t\t<div class=\"elementor-widget-container\">\n\t\t\t\t\t<h2 class=\"elementor-heading-title elementor-size-default\"><a href=\"http:\/\/uycadvisors.com\/equipo\/\" style=\"color:#575757\">TODOS <\/a>    |      <a href=\"http:\/\/uycadvisors.com\/equipo\/\" style=\"color:#575757\">SOCIOS<\/a>     |      <a href=\"http:\/\/uycadvisors.com\/equipo\/\" style=\"color:#575757\">ABOGADOS<\/a>     |      <a href=\"http:\/\/uycadvisors.com\/equipo\/\" style=\"color:#575757\">AUDITORES<\/a><\/h2>\t\t\t\t<\/div>\n\t\t\t\t<\/div>\n\t\t\t\t\t<\/div>\n\t\t<\/div>\n\t\t\t\t<div class=\"elementor-column elementor-col-33 elementor-top-column elementor-element elementor-element-1f0a39d\" data-id=\"1f0a39d\" data-element_type=\"column\">\n\t\t\t<div class=\"elementor-widget-wrap elementor-element-populated\">\n\t\t\t\t\t\t<div class=\"elementor-element elementor-element-f443b20 elementor-mobile-align-center elementor-widget elementor-widget-button\" data-id=\"f443b20\" data-element_type=\"widget\" data-widget_type=\"button.default\">\n\t\t\t\t<div class=\"elementor-widget-container\">\n\t\t\t\t\t\t\t\t\t<div class=\"elementor-button-wrapper\">\n\t\t\t\t\t<a class=\"elementor-button elementor-button-link elementor-size-sm\" href=\"https:\/\/uycadvisors.com\/diego-otero\/\">\n\t\t\t\t\t\t<span class=\"elementor-button-content-wrapper\">\n\t\t\t\t\t\t<span class=\"elementor-button-icon\">\n\t\t\t\t<i aria-hidden=\"true\" class=\"fas fa-arrow-right\"><\/i>\t\t\t<\/span>\n\t\t\t\t\t\t\t\t\t<span class=\"elementor-button-text\"> SIGUIENTE<\/span>\n\t\t\t\t\t<\/span>\n\t\t\t\t\t<\/a>\n\t\t\t\t<\/div>\n\t\t\t\t\t\t\t\t<\/div>\n\t\t\t\t<\/div>\n\t\t\t\t\t<\/div>\n\t\t<\/div>\n\t\t\t\t\t<\/div>\n\t\t<\/section>\n\t\t\t\t<\/div>\n\t\t","protected":false},"excerpt":{"rendered":"<p>Nuestro equipo Nuestros profesionales, son un equipo de talento especializado, que cuenta con una s\u00f3lida formaci\u00f3n jur\u00eddica y econ\u00f3mica. Entregan un asesoramiento de m\u00e1xima calidad, en cualquier sector y l\u00ednea generacional en la que se encuentren nuestros clientes. Sofia Gaedechens ABOGADA Mail: sgaedechens@uycia.cl Tel: +56 2 3224 6300 Oficina de Santiago Sof\u00eda Gaedechens ABOGADA Abogada [&hellip;]<\/p>\n","protected":false},"author":2,"featured_media":0,"parent":0,"menu_order":0,"comment_status":"closed","ping_status":"closed","template":"elementor_header_footer","meta":{"om_disable_all_campaigns":false,"_monsterinsights_skip_tracking":false,"_monsterinsights_sitenote_active":false,"_monsterinsights_sitenote_note":"","_monsterinsights_sitenote_category":0,"footnotes":""},"class_list":["post-664","page","type-page","status-publish","hentry"],"yoast_head":"<!-- This site is optimized with the Yoast SEO plugin v25.9 - https:\/\/yoast.com\/wordpress\/plugins\/seo\/ -->\n<title>Sof\u00eda Gaedechens - Ulloa &amp; C\u00eda.<\/title>\n<meta name=\"robots\" content=\"index, follow, max-snippet:-1, max-image-preview:large, max-video-preview:-1\" \/>\n<link rel=\"canonical\" href=\"https:\/\/uycadvisor.com\/sofia-gaedechens\/\" \/>\n<meta property=\"og:locale\" content=\"es_ES\" \/>\n<meta property=\"og:type\" content=\"article\" \/>\n<meta property=\"og:title\" content=\"Sof\u00eda Gaedechens - Ulloa &amp; C\u00eda.\" \/>\n<meta property=\"og:description\" content=\"Nuestro equipo Nuestros profesionales, son un equipo de talento especializado, que cuenta con una s\u00f3lida formaci\u00f3n jur\u00eddica y econ\u00f3mica. Entregan un asesoramiento de m\u00e1xima calidad, en cualquier sector y l\u00ednea generacional en la que se encuentren nuestros clientes. Sofia Gaedechens ABOGADA Mail: sgaedechens@uycia.cl Tel: +56 2 3224 6300 Oficina de Santiago Sof\u00eda Gaedechens ABOGADA Abogada [&hellip;]\" \/>\n<meta property=\"og:url\" content=\"https:\/\/uycadvisor.com\/sofia-gaedechens\/\" \/>\n<meta property=\"og:site_name\" content=\"Ulloa &amp; C\u00eda.\" \/>\n<meta property=\"article:modified_time\" content=\"2023-11-08T17:36:43+00:00\" \/>\n<meta property=\"og:image\" content=\"http:\/\/uycadvisors.com\/wp-content\/uploads\/2022\/01\/Sofia-Gaedechens-uycia.jpg\" \/>\n<meta name=\"twitter:card\" content=\"summary_large_image\" \/>\n<meta name=\"twitter:label1\" content=\"Tiempo de lectura\" \/>\n\t<meta name=\"twitter:data1\" content=\"1 minuto\" \/>\n<script type=\"application\/ld+json\" class=\"yoast-schema-graph\">{\"@context\":\"https:\/\/schema.org\",\"@graph\":[{\"@type\":\"WebPage\",\"@id\":\"https:\/\/uycadvisor.com\/sofia-gaedechens\/\",\"url\":\"https:\/\/uycadvisor.com\/sofia-gaedechens\/\",\"name\":\"Sof\u00eda Gaedechens - Ulloa &amp; C\u00eda.\",\"isPartOf\":{\"@id\":\"https:\/\/uycadvisor.com\/#website\"},\"primaryImageOfPage\":{\"@id\":\"https:\/\/uycadvisor.com\/sofia-gaedechens\/#primaryimage\"},\"image\":{\"@id\":\"https:\/\/uycadvisor.com\/sofia-gaedechens\/#primaryimage\"},\"thumbnailUrl\":\"http:\/\/uycadvisors.com\/wp-content\/uploads\/2022\/01\/Sofia-Gaedechens-uycia.jpg\",\"datePublished\":\"2021-04-25T10:05:55+00:00\",\"dateModified\":\"2023-11-08T17:36:43+00:00\",\"breadcrumb\":{\"@id\":\"https:\/\/uycadvisor.com\/sofia-gaedechens\/#breadcrumb\"},\"inLanguage\":\"es\",\"potentialAction\":[{\"@type\":\"ReadAction\",\"target\":[\"https:\/\/uycadvisor.com\/sofia-gaedechens\/\"]}]},{\"@type\":\"ImageObject\",\"inLanguage\":\"es\",\"@id\":\"https:\/\/uycadvisor.com\/sofia-gaedechens\/#primaryimage\",\"url\":\"http:\/\/uycadvisors.com\/wp-content\/uploads\/2022\/01\/Sofia-Gaedechens-uycia.jpg\",\"contentUrl\":\"http:\/\/uycadvisors.com\/wp-content\/uploads\/2022\/01\/Sofia-Gaedechens-uycia.jpg\"},{\"@type\":\"BreadcrumbList\",\"@id\":\"https:\/\/uycadvisor.com\/sofia-gaedechens\/#breadcrumb\",\"itemListElement\":[{\"@type\":\"ListItem\",\"position\":1,\"name\":\"Portada\",\"item\":\"https:\/\/uycadvisor.com\/\"},{\"@type\":\"ListItem\",\"position\":2,\"name\":\"Sof\u00eda Gaedechens\"}]},{\"@type\":\"WebSite\",\"@id\":\"https:\/\/uycadvisor.com\/#website\",\"url\":\"https:\/\/uycadvisor.com\/\",\"name\":\"Ulloa &amp; C\u00eda.\",\"description\":\"Somos especialistas en el \u00e1rea tributaria\",\"publisher\":{\"@id\":\"https:\/\/uycadvisor.com\/#organization\"},\"potentialAction\":[{\"@type\":\"SearchAction\",\"target\":{\"@type\":\"EntryPoint\",\"urlTemplate\":\"https:\/\/uycadvisor.com\/?s={search_term_string}\"},\"query-input\":{\"@type\":\"PropertyValueSpecification\",\"valueRequired\":true,\"valueName\":\"search_term_string\"}}],\"inLanguage\":\"es\"},{\"@type\":\"Organization\",\"@id\":\"https:\/\/uycadvisor.com\/#organization\",\"name\":\"Ulloa &amp; C\u00eda.\",\"url\":\"https:\/\/uycadvisor.com\/\",\"logo\":{\"@type\":\"ImageObject\",\"inLanguage\":\"es\",\"@id\":\"https:\/\/uycadvisor.com\/#\/schema\/logo\/image\/\",\"url\":\"https:\/\/uycadvisor.com\/wp-content\/uploads\/2024\/07\/Logo-BAJA.jpg\",\"contentUrl\":\"https:\/\/uycadvisor.com\/wp-content\/uploads\/2024\/07\/Logo-BAJA.jpg\",\"width\":398,\"height\":259,\"caption\":\"Ulloa &amp; C\u00eda.\"},\"image\":{\"@id\":\"https:\/\/uycadvisor.com\/#\/schema\/logo\/image\/\"}}]}<\/script>\n<!-- \/ Yoast SEO plugin. -->","yoast_head_json":{"title":"Sof\u00eda Gaedechens - Ulloa &amp; C\u00eda.","robots":{"index":"index","follow":"follow","max-snippet":"max-snippet:-1","max-image-preview":"max-image-preview:large","max-video-preview":"max-video-preview:-1"},"canonical":"https:\/\/uycadvisor.com\/sofia-gaedechens\/","og_locale":"es_ES","og_type":"article","og_title":"Sof\u00eda Gaedechens - Ulloa &amp; C\u00eda.","og_description":"Nuestro equipo Nuestros profesionales, son un equipo de talento especializado, que cuenta con una s\u00f3lida formaci\u00f3n jur\u00eddica y econ\u00f3mica. Entregan un asesoramiento de m\u00e1xima calidad, en cualquier sector y l\u00ednea generacional en la que se encuentren nuestros clientes. Sofia Gaedechens ABOGADA Mail: sgaedechens@uycia.cl Tel: +56 2 3224 6300 Oficina de Santiago Sof\u00eda Gaedechens ABOGADA Abogada [&hellip;]","og_url":"https:\/\/uycadvisor.com\/sofia-gaedechens\/","og_site_name":"Ulloa &amp; C\u00eda.","article_modified_time":"2023-11-08T17:36:43+00:00","og_image":[{"url":"http:\/\/uycadvisors.com\/wp-content\/uploads\/2022\/01\/Sofia-Gaedechens-uycia.jpg","type":"","width":"","height":""}],"twitter_card":"summary_large_image","twitter_misc":{"Tiempo de lectura":"1 minuto"},"schema":{"@context":"https:\/\/schema.org","@graph":[{"@type":"WebPage","@id":"https:\/\/uycadvisor.com\/sofia-gaedechens\/","url":"https:\/\/uycadvisor.com\/sofia-gaedechens\/","name":"Sof\u00eda Gaedechens - Ulloa &amp; C\u00eda.","isPartOf":{"@id":"https:\/\/uycadvisor.com\/#website"},"primaryImageOfPage":{"@id":"https:\/\/uycadvisor.com\/sofia-gaedechens\/#primaryimage"},"image":{"@id":"https:\/\/uycadvisor.com\/sofia-gaedechens\/#primaryimage"},"thumbnailUrl":"http:\/\/uycadvisors.com\/wp-content\/uploads\/2022\/01\/Sofia-Gaedechens-uycia.jpg","datePublished":"2021-04-25T10:05:55+00:00","dateModified":"2023-11-08T17:36:43+00:00","breadcrumb":{"@id":"https:\/\/uycadvisor.com\/sofia-gaedechens\/#breadcrumb"},"inLanguage":"es","potentialAction":[{"@type":"ReadAction","target":["https:\/\/uycadvisor.com\/sofia-gaedechens\/"]}]},{"@type":"ImageObject","inLanguage":"es","@id":"https:\/\/uycadvisor.com\/sofia-gaedechens\/#primaryimage","url":"http:\/\/uycadvisors.com\/wp-content\/uploads\/2022\/01\/Sofia-Gaedechens-uycia.jpg","contentUrl":"http:\/\/uycadvisors.com\/wp-content\/uploads\/2022\/01\/Sofia-Gaedechens-uycia.jpg"},{"@type":"BreadcrumbList","@id":"https:\/\/uycadvisor.com\/sofia-gaedechens\/#breadcrumb","itemListElement":[{"@type":"ListItem","position":1,"name":"Portada","item":"https:\/\/uycadvisor.com\/"},{"@type":"ListItem","position":2,"name":"Sof\u00eda Gaedechens"}]},{"@type":"WebSite","@id":"https:\/\/uycadvisor.com\/#website","url":"https:\/\/uycadvisor.com\/","name":"Ulloa &amp; C\u00eda.","description":"Somos especialistas en el \u00e1rea tributaria","publisher":{"@id":"https:\/\/uycadvisor.com\/#organization"},"potentialAction":[{"@type":"SearchAction","target":{"@type":"EntryPoint","urlTemplate":"https:\/\/uycadvisor.com\/?s={search_term_string}"},"query-input":{"@type":"PropertyValueSpecification","valueRequired":true,"valueName":"search_term_string"}}],"inLanguage":"es"},{"@type":"Organization","@id":"https:\/\/uycadvisor.com\/#organization","name":"Ulloa &amp; C\u00eda.","url":"https:\/\/uycadvisor.com\/","logo":{"@type":"ImageObject","inLanguage":"es","@id":"https:\/\/uycadvisor.com\/#\/schema\/logo\/image\/","url":"https:\/\/uycadvisor.com\/wp-content\/uploads\/2024\/07\/Logo-BAJA.jpg","contentUrl":"https:\/\/uycadvisor.com\/wp-content\/uploads\/2024\/07\/Logo-BAJA.jpg","width":398,"height":259,"caption":"Ulloa &amp; C\u00eda."},"image":{"@id":"https:\/\/uycadvisor.com\/#\/schema\/logo\/image\/"}}]}},"_links":{"self":[{"href":"https:\/\/uycadvisor.com\/es\/wp-json\/wp\/v2\/pages\/664","targetHints":{"allow":["GET"]}}],"collection":[{"href":"https:\/\/uycadvisor.com\/es\/wp-json\/wp\/v2\/pages"}],"about":[{"href":"https:\/\/uycadvisor.com\/es\/wp-json\/wp\/v2\/types\/page"}],"author":[{"embeddable":true,"href":"https:\/\/uycadvisor.com\/es\/wp-json\/wp\/v2\/users\/2"}],"replies":[{"embeddable":true,"href":"https:\/\/uycadvisor.com\/es\/wp-json\/wp\/v2\/comments?post=664"}],"version-history":[{"count":47,"href":"https:\/\/uycadvisor.com\/es\/wp-json\/wp\/v2\/pages\/664\/revisions"}],"predecessor-version":[{"id":3536,"href":"https:\/\/uycadvisor.com\/es\/wp-json\/wp\/v2\/pages\/664\/revisions\/3536"}],"wp:attachment":[{"href":"https:\/\/uycadvisor.com\/es\/wp-json\/wp\/v2\/media?parent=664"}],"curies":[{"name":"wp","href":"https:\/\/api.w.org\/{rel}","templated":true}]}}