{"id":421,"date":"2021-04-17T07:56:48","date_gmt":"2021-04-17T11:56:48","guid":{"rendered":"http:\/\/uycadvisors.com\/?page_id=421"},"modified":"2023-11-08T14:33:21","modified_gmt":"2023-11-08T17:33:21","slug":"nicolas-ulloa","status":"publish","type":"page","link":"https:\/\/uycadvisor.com\/es\/nicolas-ulloa\/","title":{"rendered":"Nicol\u00e1s Ulloa"},"content":{"rendered":"\t\t<div data-elementor-type=\"wp-page\" data-elementor-id=\"421\" class=\"elementor elementor-421\" data-elementor-post-type=\"page\">\n\t\t\t\t\t\t<section class=\"elementor-section elementor-top-section elementor-element elementor-element-54e717b elementor-section-height-min-height elementor-section-boxed elementor-section-height-default elementor-section-items-middle\" data-id=\"54e717b\" data-element_type=\"section\" data-settings=\"{&quot;background_background&quot;:&quot;classic&quot;}\">\n\t\t\t\t\t\t<div class=\"elementor-container elementor-column-gap-default\">\n\t\t\t\t\t<div class=\"elementor-column elementor-col-100 elementor-top-column elementor-element elementor-element-880840d\" data-id=\"880840d\" data-element_type=\"column\">\n\t\t\t<div class=\"elementor-widget-wrap elementor-element-populated\">\n\t\t\t\t\t\t<div class=\"elementor-element elementor-element-8de73ca elementor-widget elementor-widget-heading\" data-id=\"8de73ca\" data-element_type=\"widget\" data-widget_type=\"heading.default\">\n\t\t\t\t<div class=\"elementor-widget-container\">\n\t\t\t\t\t<h2 class=\"elementor-heading-title elementor-size-default\">Nuestro equipo<\/h2>\t\t\t\t<\/div>\n\t\t\t\t<\/div>\n\t\t\t\t<div class=\"elementor-element elementor-element-a269b14 elementor-widget elementor-widget-text-editor\" data-id=\"a269b14\" data-element_type=\"widget\" data-widget_type=\"text-editor.default\">\n\t\t\t\t<div class=\"elementor-widget-container\">\n\t\t\t\t\t\t\t\t\t<p>Nuestros profesionales, son un equipo de talento especializado, que cuenta con una s\u00f3lida formaci\u00f3n jur\u00eddica y econ\u00f3mica. Entregan un asesoramiento de m\u00e1xima calidad, en cualquier sector y l\u00ednea generacional en la que se encuentren nuestros clientes.<\/p><p><\/p>\t\t\t\t\t\t\t\t<\/div>\n\t\t\t\t<\/div>\n\t\t\t\t<div class=\"elementor-element elementor-element-5a1066e elementor-absolute elementor-hidden-phone elementor-widget-divider--view-line elementor-widget elementor-widget-divider\" data-id=\"5a1066e\" data-element_type=\"widget\" data-settings=\"{&quot;_position&quot;:&quot;absolute&quot;}\" data-widget_type=\"divider.default\">\n\t\t\t\t<div class=\"elementor-widget-container\">\n\t\t\t\t\t\t\t<div class=\"elementor-divider\">\n\t\t\t<span class=\"elementor-divider-separator\">\n\t\t\t\t\t\t<\/span>\n\t\t<\/div>\n\t\t\t\t\t\t<\/div>\n\t\t\t\t<\/div>\n\t\t\t\t\t<\/div>\n\t\t<\/div>\n\t\t\t\t\t<\/div>\n\t\t<\/section>\n\t\t\t\t<section class=\"elementor-section elementor-top-section elementor-element elementor-element-51e5d3d6 elementor-section-boxed elementor-section-height-default elementor-section-height-default\" data-id=\"51e5d3d6\" data-element_type=\"section\" data-settings=\"{&quot;background_background&quot;:&quot;classic&quot;}\">\n\t\t\t\t\t\t<div class=\"elementor-container elementor-column-gap-default\">\n\t\t\t\t\t<div class=\"elementor-column elementor-col-33 elementor-top-column elementor-element elementor-element-13ea57ff\" data-id=\"13ea57ff\" data-element_type=\"column\" data-settings=\"{&quot;background_background&quot;:&quot;classic&quot;}\">\n\t\t\t<div class=\"elementor-widget-wrap elementor-element-populated\">\n\t\t\t\t\t\t<div class=\"elementor-element elementor-element-2306e604 elementor-widget elementor-widget-image\" data-id=\"2306e604\" data-element_type=\"widget\" data-widget_type=\"image.default\">\n\t\t\t\t<div class=\"elementor-widget-container\">\n\t\t\t\t\t\t\t\t\t\t\t\t\t\t\t<img fetchpriority=\"high\" decoding=\"async\" width=\"280\" height=\"377\" src=\"https:\/\/uycadvisor.com\/wp-content\/uploads\/2021\/03\/Nicolas-Ulloa.jpg\" class=\"attachment-large size-large wp-image-2136\" alt=\"\" srcset=\"https:\/\/uycadvisor.com\/wp-content\/uploads\/2021\/03\/Nicolas-Ulloa.jpg 280w, https:\/\/uycadvisor.com\/wp-content\/uploads\/2021\/03\/Nicolas-Ulloa-223x300.jpg 223w\" sizes=\"(max-width: 280px) 100vw, 280px\" \/>\t\t\t\t\t\t\t\t\t\t\t\t\t\t\t<\/div>\n\t\t\t\t<\/div>\n\t\t\t\t<div class=\"elementor-element elementor-element-6767e86f elementor-widget elementor-widget-heading\" data-id=\"6767e86f\" data-element_type=\"widget\" data-widget_type=\"heading.default\">\n\t\t\t\t<div class=\"elementor-widget-container\">\n\t\t\t\t\t<h5 class=\"elementor-heading-title elementor-size-default\">Nicol\u00e1s Ulloa \n<\/h5>\t\t\t\t<\/div>\n\t\t\t\t<\/div>\n\t\t\t\t<div class=\"elementor-element elementor-element-1c4e6d6d elementor-widget elementor-widget-text-editor\" data-id=\"1c4e6d6d\" data-element_type=\"widget\" data-widget_type=\"text-editor.default\">\n\t\t\t\t<div class=\"elementor-widget-container\">\n\t\t\t\t\t\t\t\t\t<p>SOCIO FUNDADOR<\/p>\t\t\t\t\t\t\t\t<\/div>\n\t\t\t\t<\/div>\n\t\t\t\t<div class=\"elementor-element elementor-element-39543d61 elementor-icon-list--layout-traditional elementor-list-item-link-full_width elementor-widget elementor-widget-icon-list\" data-id=\"39543d61\" data-element_type=\"widget\" data-widget_type=\"icon-list.default\">\n\t\t\t\t<div class=\"elementor-widget-container\">\n\t\t\t\t\t\t\t<ul class=\"elementor-icon-list-items\">\n\t\t\t\t\t\t\t<li class=\"elementor-icon-list-item\">\n\t\t\t\t\t\t\t\t\t\t\t<a href=\"mailto:nulloa@uycia.cl\">\n\n\t\t\t\t\t\t\t\t\t\t\t<span class=\"elementor-icon-list-text\">Mall: nulloa@uycia.cl<\/span>\n\t\t\t\t\t\t\t\t\t\t\t<\/a>\n\t\t\t\t\t\t\t\t\t<\/li>\n\t\t\t\t\t\t\t\t<li class=\"elementor-icon-list-item\">\n\t\t\t\t\t\t\t\t\t\t\t<a href=\"tel:+56232246300\">\n\n\t\t\t\t\t\t\t\t\t\t\t<span class=\"elementor-icon-list-text\">Tel: +56 2 3224 6300<\/span>\n\t\t\t\t\t\t\t\t\t\t\t<\/a>\n\t\t\t\t\t\t\t\t\t<\/li>\n\t\t\t\t\t\t\t\t<li class=\"elementor-icon-list-item\">\n\t\t\t\t\t\t\t\t\t\t<span class=\"elementor-icon-list-text\">Oficina de Santiago <\/span>\n\t\t\t\t\t\t\t\t\t<\/li>\n\t\t\t\t\t\t<\/ul>\n\t\t\t\t\t\t<\/div>\n\t\t\t\t<\/div>\n\t\t\t\t<div class=\"elementor-element elementor-element-6deb72b8 elementor-widget elementor-widget-text-editor\" data-id=\"6deb72b8\" data-element_type=\"widget\" data-widget_type=\"text-editor.default\">\n\t\t\t\t<div class=\"elementor-widget-container\">\n\t\t\t\t\t\t\t\t\t<p class=\"p1\">Muy respetado, bien actualizado y conocedor de todos los asuntos fiscales. Tiene mucha experiencia y sensibilidad en el trato con empresas familiares, siempre dando una buena soluci\u00f3n para todos los asuntos tratados\u201d<\/p><p>CHAMBERS &amp; PARTNERS<\/p>\t\t\t\t\t\t\t\t<\/div>\n\t\t\t\t<\/div>\n\t\t\t\t\t<\/div>\n\t\t<\/div>\n\t\t\t\t<div class=\"elementor-column elementor-col-66 elementor-top-column elementor-element elementor-element-47b019b8\" data-id=\"47b019b8\" data-element_type=\"column\" data-settings=\"{&quot;background_background&quot;:&quot;classic&quot;}\">\n\t\t\t<div class=\"elementor-widget-wrap elementor-element-populated\">\n\t\t\t\t\t\t<div class=\"elementor-element elementor-element-ef9878d elementor-widget elementor-widget-heading\" data-id=\"ef9878d\" data-element_type=\"widget\" data-widget_type=\"heading.default\">\n\t\t\t\t<div class=\"elementor-widget-container\">\n\t\t\t\t\t<h2 class=\"elementor-heading-title elementor-size-default\">Nicol\u00e1s Ulloa <\/h2>\t\t\t\t<\/div>\n\t\t\t\t<\/div>\n\t\t\t\t<div class=\"elementor-element elementor-element-4eb2e70a elementor-widget elementor-widget-heading\" data-id=\"4eb2e70a\" data-element_type=\"widget\" data-widget_type=\"heading.default\">\n\t\t\t\t<div class=\"elementor-widget-container\">\n\t\t\t\t\t<div class=\"elementor-heading-title elementor-size-default\">SOCIO FUNDADOR<\/div>\t\t\t\t<\/div>\n\t\t\t\t<\/div>\n\t\t\t\t<div class=\"elementor-element elementor-element-2e8c9157 elementor-widget elementor-widget-text-editor\" data-id=\"2e8c9157\" data-element_type=\"widget\" data-widget_type=\"text-editor.default\">\n\t\t\t\t<div class=\"elementor-widget-container\">\n\t\t\t\t\t\t\t\t\t<p class=\"p1\"><strong>Abogado especializado en consultor\u00eda tributaria en general, tanto en Chile como en el extranjero.<\/strong> Asesora a empresas de diversos tama\u00f1os y a grupos familiares en temas como estructura de inversi\u00f3n en Chile y el extranjero, reorganizaciones patrimoniales, estructuraci\u00f3n de productos para fondos de inversi\u00f3n, entre otros. Adem\u00e1s, cuenta con vasta experiencia en defensa de intereses de los contribuyentes.<\/p>\n<p class=\"p1\">En 2016, funda Ulloa &amp; Compa\u00f1\u00eda Abogados junto a Adriana Zaidan como un estudio especializado en el \u00e1rea tributaria.<\/p>\n<p><strong>Especialidades<br><\/strong>\u2013 Consultor\u00eda y Reorganizaci\u00f3n Tributaria Nacional<br>\u2013 Tributaci\u00f3n Internacional<br>\u2013 Gobierno Corporativo Familiar<\/p>\n<p><strong>Experiencia <br><\/strong>Fue socio de PwC Chile, donde se desempe\u00f1\u00f3 como abogado del departamento de Servicios Legales y Tributarios por m\u00e1s de 10 a\u00f1os. Fue miembro asesor de la comisi\u00f3n de la discusi\u00f3n de la Reforma Tributaria del a\u00f1o 2014 y parte del equipo que estuvo a cargo de la negociaci\u00f3n del acuerdo de Protocolo firmado con el Ministerio de Hacienda.<\/p>\n<p><strong>Menciones <br><\/strong>Abogado recomendado por distintos anuarios jur\u00eddicos como Chambers Global, High Net Worth y Latin America, The Legal 500, Leaders League y World Tax.<\/p>\n<p class=\"p1\"><i>\u201cLos clientes elogian a Nicol\u00e1s por sus excelentes consejos sobre las grandes decisiones, muy consciente comercialmente y comprometido con el cliente\u201d.<br><\/i>Chambers &amp; Partners<i><\/i><\/p>\n<p><strong>Acad\u00e9mico <br><\/strong>\u2013 Profesor del Mag\u00edster en Derecho Tributario, Pontificia Universidad Cat\u00f3lica de Chile.<br>\u2013 Profesor Diplomado de Evaluaci\u00f3n de Proyectos Inmobiliarios, Universidad Adolfo Ib\u00e1\u00f1ez.<\/p>\n<p><b>Formaci\u00f3n<br><\/b>\u2013 Licenciado en Derecho y Abogado de la Universidad de los Andes (2006).<br>\u2013 Mag\u00edster en Derecho Tributario, Universidad de Chile (2010).<br>\u2013 Idiomas: espa\u00f1ol e ingl\u00e9s.<\/p>\t\t\t\t\t\t\t\t<\/div>\n\t\t\t\t<\/div>\n\t\t\t\t\t<\/div>\n\t\t<\/div>\n\t\t\t\t\t<\/div>\n\t\t<\/section>\n\t\t\t\t<section class=\"elementor-section elementor-top-section elementor-element elementor-element-0ed8e8f elementor-section-boxed elementor-section-height-default elementor-section-height-default\" data-id=\"0ed8e8f\" data-element_type=\"section\">\n\t\t\t\t\t\t<div class=\"elementor-container elementor-column-gap-default\">\n\t\t\t\t\t<div class=\"elementor-column elementor-col-33 elementor-top-column elementor-element elementor-element-4fbd387\" data-id=\"4fbd387\" data-element_type=\"column\">\n\t\t\t<div class=\"elementor-widget-wrap\">\n\t\t\t\t\t\t\t<\/div>\n\t\t<\/div>\n\t\t\t\t<div class=\"elementor-column elementor-col-33 elementor-top-column elementor-element elementor-element-a61145c\" data-id=\"a61145c\" data-element_type=\"column\">\n\t\t\t<div class=\"elementor-widget-wrap elementor-element-populated\">\n\t\t\t\t\t\t<div class=\"elementor-element elementor-element-ef0f07b elementor-widget elementor-widget-heading\" data-id=\"ef0f07b\" data-element_type=\"widget\" data-widget_type=\"heading.default\">\n\t\t\t\t<div class=\"elementor-widget-container\">\n\t\t\t\t\t<h2 class=\"elementor-heading-title elementor-size-default\"><a href=\"http:\/\/uycadvisors.com\/equipo\/\" style=\"color:#575757\">TODOS <\/a>    |      <a href=\"http:\/\/uycadvisors.com\/equipo\/\" style=\"color:#575757\">SOCIOS<\/a>     |      <a href=\"http:\/\/uycadvisors.com\/equipo\/\" style=\"color:#575757\">ABOGADOS<\/a>     |      <a href=\"http:\/\/uycadvisors.com\/equipo\/\" style=\"color:#575757\">AUDITORES<\/a><\/h2>\t\t\t\t<\/div>\n\t\t\t\t<\/div>\n\t\t\t\t\t<\/div>\n\t\t<\/div>\n\t\t\t\t<div class=\"elementor-column elementor-col-33 elementor-top-column elementor-element elementor-element-f26a4f0\" data-id=\"f26a4f0\" data-element_type=\"column\">\n\t\t\t<div class=\"elementor-widget-wrap elementor-element-populated\">\n\t\t\t\t\t\t<div class=\"elementor-element elementor-element-df881de elementor-mobile-align-center elementor-widget elementor-widget-button\" data-id=\"df881de\" data-element_type=\"widget\" data-widget_type=\"button.default\">\n\t\t\t\t<div class=\"elementor-widget-container\">\n\t\t\t\t\t\t\t\t\t<div class=\"elementor-button-wrapper\">\n\t\t\t\t\t<a class=\"elementor-button elementor-button-link elementor-size-sm\" href=\"http:\/\/uycadvisors.com\/adriana-zaidan\/\">\n\t\t\t\t\t\t<span class=\"elementor-button-content-wrapper\">\n\t\t\t\t\t\t<span class=\"elementor-button-icon\">\n\t\t\t\t<i aria-hidden=\"true\" class=\"fas fa-arrow-right\"><\/i>\t\t\t<\/span>\n\t\t\t\t\t\t\t\t\t<span class=\"elementor-button-text\"> SIGUIENTE<\/span>\n\t\t\t\t\t<\/span>\n\t\t\t\t\t<\/a>\n\t\t\t\t<\/div>\n\t\t\t\t\t\t\t\t<\/div>\n\t\t\t\t<\/div>\n\t\t\t\t\t<\/div>\n\t\t<\/div>\n\t\t\t\t\t<\/div>\n\t\t<\/section>\n\t\t\t\t<\/div>\n\t\t","protected":false},"excerpt":{"rendered":"<p>Nuestro equipo Nuestros profesionales, son un equipo de talento especializado, que cuenta con una s\u00f3lida formaci\u00f3n jur\u00eddica y econ\u00f3mica. Entregan un asesoramiento de m\u00e1xima calidad, en cualquier sector y l\u00ednea generacional en la que se encuentren nuestros clientes. Nicol\u00e1s Ulloa SOCIO FUNDADOR Mall: nulloa@uycia.cl Tel: +56 2 3224 6300 Oficina de Santiago Muy respetado, bien [&hellip;]<\/p>\n","protected":false},"author":2,"featured_media":0,"parent":0,"menu_order":0,"comment_status":"closed","ping_status":"closed","template":"elementor_header_footer","meta":{"om_disable_all_campaigns":false,"_monsterinsights_skip_tracking":false,"_monsterinsights_sitenote_active":false,"_monsterinsights_sitenote_note":"","_monsterinsights_sitenote_category":0,"footnotes":""},"class_list":["post-421","page","type-page","status-publish","hentry"],"yoast_head":"<!-- This site is optimized with the Yoast SEO plugin v25.9 - https:\/\/yoast.com\/wordpress\/plugins\/seo\/ -->\n<title>Nicol\u00e1s Ulloa - Ulloa &amp; C\u00eda.<\/title>\n<meta name=\"robots\" content=\"index, follow, max-snippet:-1, max-image-preview:large, max-video-preview:-1\" \/>\n<link rel=\"canonical\" href=\"https:\/\/uycadvisor.com\/nicolas-ulloa\/\" \/>\n<meta property=\"og:locale\" content=\"es_ES\" \/>\n<meta property=\"og:type\" content=\"article\" \/>\n<meta property=\"og:title\" content=\"Nicol\u00e1s Ulloa - Ulloa &amp; C\u00eda.\" \/>\n<meta property=\"og:description\" content=\"Nuestro equipo Nuestros profesionales, son un equipo de talento especializado, que cuenta con una s\u00f3lida formaci\u00f3n jur\u00eddica y econ\u00f3mica. Entregan un asesoramiento de m\u00e1xima calidad, en cualquier sector y l\u00ednea generacional en la que se encuentren nuestros clientes. Nicol\u00e1s Ulloa SOCIO FUNDADOR Mall: nulloa@uycia.cl Tel: +56 2 3224 6300 Oficina de Santiago Muy respetado, bien [&hellip;]\" \/>\n<meta property=\"og:url\" content=\"https:\/\/uycadvisor.com\/nicolas-ulloa\/\" \/>\n<meta property=\"og:site_name\" content=\"Ulloa &amp; C\u00eda.\" \/>\n<meta property=\"article:modified_time\" content=\"2023-11-08T17:33:21+00:00\" \/>\n<meta property=\"og:image\" content=\"http:\/\/uycadvisors.com\/wp-content\/uploads\/2021\/03\/Nicolas-Ulloa.jpg\" \/>\n<meta name=\"twitter:card\" content=\"summary_large_image\" \/>\n<meta name=\"twitter:label1\" content=\"Tiempo de lectura\" \/>\n\t<meta name=\"twitter:data1\" content=\"2 minutos\" \/>\n<script type=\"application\/ld+json\" class=\"yoast-schema-graph\">{\"@context\":\"https:\/\/schema.org\",\"@graph\":[{\"@type\":\"WebPage\",\"@id\":\"https:\/\/uycadvisor.com\/nicolas-ulloa\/\",\"url\":\"https:\/\/uycadvisor.com\/nicolas-ulloa\/\",\"name\":\"Nicol\u00e1s Ulloa - Ulloa &amp; C\u00eda.\",\"isPartOf\":{\"@id\":\"https:\/\/uycadvisor.com\/#website\"},\"primaryImageOfPage\":{\"@id\":\"https:\/\/uycadvisor.com\/nicolas-ulloa\/#primaryimage\"},\"image\":{\"@id\":\"https:\/\/uycadvisor.com\/nicolas-ulloa\/#primaryimage\"},\"thumbnailUrl\":\"http:\/\/uycadvisors.com\/wp-content\/uploads\/2021\/03\/Nicolas-Ulloa.jpg\",\"datePublished\":\"2021-04-17T11:56:48+00:00\",\"dateModified\":\"2023-11-08T17:33:21+00:00\",\"breadcrumb\":{\"@id\":\"https:\/\/uycadvisor.com\/nicolas-ulloa\/#breadcrumb\"},\"inLanguage\":\"es\",\"potentialAction\":[{\"@type\":\"ReadAction\",\"target\":[\"https:\/\/uycadvisor.com\/nicolas-ulloa\/\"]}]},{\"@type\":\"ImageObject\",\"inLanguage\":\"es\",\"@id\":\"https:\/\/uycadvisor.com\/nicolas-ulloa\/#primaryimage\",\"url\":\"http:\/\/uycadvisors.com\/wp-content\/uploads\/2021\/03\/Nicolas-Ulloa.jpg\",\"contentUrl\":\"http:\/\/uycadvisors.com\/wp-content\/uploads\/2021\/03\/Nicolas-Ulloa.jpg\"},{\"@type\":\"BreadcrumbList\",\"@id\":\"https:\/\/uycadvisor.com\/nicolas-ulloa\/#breadcrumb\",\"itemListElement\":[{\"@type\":\"ListItem\",\"position\":1,\"name\":\"Portada\",\"item\":\"https:\/\/uycadvisor.com\/\"},{\"@type\":\"ListItem\",\"position\":2,\"name\":\"Nicol\u00e1s Ulloa\"}]},{\"@type\":\"WebSite\",\"@id\":\"https:\/\/uycadvisor.com\/#website\",\"url\":\"https:\/\/uycadvisor.com\/\",\"name\":\"Ulloa &amp; C\u00eda.\",\"description\":\"Somos especialistas en el \u00e1rea tributaria\",\"publisher\":{\"@id\":\"https:\/\/uycadvisor.com\/#organization\"},\"potentialAction\":[{\"@type\":\"SearchAction\",\"target\":{\"@type\":\"EntryPoint\",\"urlTemplate\":\"https:\/\/uycadvisor.com\/?s={search_term_string}\"},\"query-input\":{\"@type\":\"PropertyValueSpecification\",\"valueRequired\":true,\"valueName\":\"search_term_string\"}}],\"inLanguage\":\"es\"},{\"@type\":\"Organization\",\"@id\":\"https:\/\/uycadvisor.com\/#organization\",\"name\":\"Ulloa &amp; C\u00eda.\",\"url\":\"https:\/\/uycadvisor.com\/\",\"logo\":{\"@type\":\"ImageObject\",\"inLanguage\":\"es\",\"@id\":\"https:\/\/uycadvisor.com\/#\/schema\/logo\/image\/\",\"url\":\"https:\/\/uycadvisor.com\/wp-content\/uploads\/2024\/07\/Logo-BAJA.jpg\",\"contentUrl\":\"https:\/\/uycadvisor.com\/wp-content\/uploads\/2024\/07\/Logo-BAJA.jpg\",\"width\":398,\"height\":259,\"caption\":\"Ulloa &amp; C\u00eda.\"},\"image\":{\"@id\":\"https:\/\/uycadvisor.com\/#\/schema\/logo\/image\/\"}}]}<\/script>\n<!-- \/ Yoast SEO plugin. -->","yoast_head_json":{"title":"Nicol\u00e1s Ulloa - Ulloa &amp; C\u00eda.","robots":{"index":"index","follow":"follow","max-snippet":"max-snippet:-1","max-image-preview":"max-image-preview:large","max-video-preview":"max-video-preview:-1"},"canonical":"https:\/\/uycadvisor.com\/nicolas-ulloa\/","og_locale":"es_ES","og_type":"article","og_title":"Nicol\u00e1s Ulloa - Ulloa &amp; C\u00eda.","og_description":"Nuestro equipo Nuestros profesionales, son un equipo de talento especializado, que cuenta con una s\u00f3lida formaci\u00f3n jur\u00eddica y econ\u00f3mica. Entregan un asesoramiento de m\u00e1xima calidad, en cualquier sector y l\u00ednea generacional en la que se encuentren nuestros clientes. Nicol\u00e1s Ulloa SOCIO FUNDADOR Mall: nulloa@uycia.cl Tel: +56 2 3224 6300 Oficina de Santiago Muy respetado, bien [&hellip;]","og_url":"https:\/\/uycadvisor.com\/nicolas-ulloa\/","og_site_name":"Ulloa &amp; C\u00eda.","article_modified_time":"2023-11-08T17:33:21+00:00","og_image":[{"url":"http:\/\/uycadvisors.com\/wp-content\/uploads\/2021\/03\/Nicolas-Ulloa.jpg","type":"","width":"","height":""}],"twitter_card":"summary_large_image","twitter_misc":{"Tiempo de lectura":"2 minutos"},"schema":{"@context":"https:\/\/schema.org","@graph":[{"@type":"WebPage","@id":"https:\/\/uycadvisor.com\/nicolas-ulloa\/","url":"https:\/\/uycadvisor.com\/nicolas-ulloa\/","name":"Nicol\u00e1s Ulloa - Ulloa &amp; C\u00eda.","isPartOf":{"@id":"https:\/\/uycadvisor.com\/#website"},"primaryImageOfPage":{"@id":"https:\/\/uycadvisor.com\/nicolas-ulloa\/#primaryimage"},"image":{"@id":"https:\/\/uycadvisor.com\/nicolas-ulloa\/#primaryimage"},"thumbnailUrl":"http:\/\/uycadvisors.com\/wp-content\/uploads\/2021\/03\/Nicolas-Ulloa.jpg","datePublished":"2021-04-17T11:56:48+00:00","dateModified":"2023-11-08T17:33:21+00:00","breadcrumb":{"@id":"https:\/\/uycadvisor.com\/nicolas-ulloa\/#breadcrumb"},"inLanguage":"es","potentialAction":[{"@type":"ReadAction","target":["https:\/\/uycadvisor.com\/nicolas-ulloa\/"]}]},{"@type":"ImageObject","inLanguage":"es","@id":"https:\/\/uycadvisor.com\/nicolas-ulloa\/#primaryimage","url":"http:\/\/uycadvisors.com\/wp-content\/uploads\/2021\/03\/Nicolas-Ulloa.jpg","contentUrl":"http:\/\/uycadvisors.com\/wp-content\/uploads\/2021\/03\/Nicolas-Ulloa.jpg"},{"@type":"BreadcrumbList","@id":"https:\/\/uycadvisor.com\/nicolas-ulloa\/#breadcrumb","itemListElement":[{"@type":"ListItem","position":1,"name":"Portada","item":"https:\/\/uycadvisor.com\/"},{"@type":"ListItem","position":2,"name":"Nicol\u00e1s Ulloa"}]},{"@type":"WebSite","@id":"https:\/\/uycadvisor.com\/#website","url":"https:\/\/uycadvisor.com\/","name":"Ulloa &amp; C\u00eda.","description":"Somos especialistas en el \u00e1rea tributaria","publisher":{"@id":"https:\/\/uycadvisor.com\/#organization"},"potentialAction":[{"@type":"SearchAction","target":{"@type":"EntryPoint","urlTemplate":"https:\/\/uycadvisor.com\/?s={search_term_string}"},"query-input":{"@type":"PropertyValueSpecification","valueRequired":true,"valueName":"search_term_string"}}],"inLanguage":"es"},{"@type":"Organization","@id":"https:\/\/uycadvisor.com\/#organization","name":"Ulloa &amp; C\u00eda.","url":"https:\/\/uycadvisor.com\/","logo":{"@type":"ImageObject","inLanguage":"es","@id":"https:\/\/uycadvisor.com\/#\/schema\/logo\/image\/","url":"https:\/\/uycadvisor.com\/wp-content\/uploads\/2024\/07\/Logo-BAJA.jpg","contentUrl":"https:\/\/uycadvisor.com\/wp-content\/uploads\/2024\/07\/Logo-BAJA.jpg","width":398,"height":259,"caption":"Ulloa &amp; C\u00eda."},"image":{"@id":"https:\/\/uycadvisor.com\/#\/schema\/logo\/image\/"}}]}},"_links":{"self":[{"href":"https:\/\/uycadvisor.com\/es\/wp-json\/wp\/v2\/pages\/421","targetHints":{"allow":["GET"]}}],"collection":[{"href":"https:\/\/uycadvisor.com\/es\/wp-json\/wp\/v2\/pages"}],"about":[{"href":"https:\/\/uycadvisor.com\/es\/wp-json\/wp\/v2\/types\/page"}],"author":[{"embeddable":true,"href":"https:\/\/uycadvisor.com\/es\/wp-json\/wp\/v2\/users\/2"}],"replies":[{"embeddable":true,"href":"https:\/\/uycadvisor.com\/es\/wp-json\/wp\/v2\/comments?post=421"}],"version-history":[{"count":76,"href":"https:\/\/uycadvisor.com\/es\/wp-json\/wp\/v2\/pages\/421\/revisions"}],"predecessor-version":[{"id":3518,"href":"https:\/\/uycadvisor.com\/es\/wp-json\/wp\/v2\/pages\/421\/revisions\/3518"}],"wp:attachment":[{"href":"https:\/\/uycadvisor.com\/es\/wp-json\/wp\/v2\/media?parent=421"}],"curies":[{"name":"wp","href":"https:\/\/api.w.org\/{rel}","templated":true}]}}