{"id":385,"date":"2021-04-11T03:09:25","date_gmt":"2021-04-11T07:09:25","guid":{"rendered":"http:\/\/uycadvisors.com\/?page_id=385"},"modified":"2024-06-11T09:33:27","modified_gmt":"2024-06-11T13:33:27","slug":"tema-consitucional","status":"publish","type":"page","link":"https:\/\/uycadvisor.com\/es\/tema-consitucional\/","title":{"rendered":"Tema Consitucional"},"content":{"rendered":"\t\t<div data-elementor-type=\"wp-page\" data-elementor-id=\"385\" class=\"elementor elementor-385\" data-elementor-post-type=\"page\">\n\t\t\t\t\t\t<section class=\"elementor-section elementor-top-section elementor-element elementor-element-36f8963f elementor-section-height-min-height elementor-section-boxed elementor-section-height-default elementor-section-items-middle\" data-id=\"36f8963f\" data-element_type=\"section\" data-settings=\"{&quot;background_background&quot;:&quot;classic&quot;}\">\n\t\t\t\t\t\t<div class=\"elementor-container elementor-column-gap-default\">\n\t\t\t\t\t<div class=\"elementor-column elementor-col-100 elementor-top-column elementor-element elementor-element-5b8d0d7c\" data-id=\"5b8d0d7c\" data-element_type=\"column\">\n\t\t\t<div class=\"elementor-widget-wrap\">\n\t\t\t\t\t\t\t<\/div>\n\t\t<\/div>\n\t\t\t\t\t<\/div>\n\t\t<\/section>\n\t\t\t\t<section class=\"elementor-section elementor-top-section elementor-element elementor-element-a987763 elementor-section-height-min-height elementor-section-boxed elementor-section-height-default elementor-section-items-middle\" data-id=\"a987763\" data-element_type=\"section\" data-settings=\"{&quot;background_background&quot;:&quot;classic&quot;}\">\n\t\t\t\t\t\t<div class=\"elementor-container elementor-column-gap-default\">\n\t\t\t\t\t<div class=\"elementor-column elementor-col-100 elementor-top-column elementor-element elementor-element-accd49c\" data-id=\"accd49c\" data-element_type=\"column\" data-settings=\"{&quot;background_background&quot;:&quot;classic&quot;}\">\n\t\t\t<div class=\"elementor-widget-wrap elementor-element-populated\">\n\t\t\t\t\t\t<section class=\"elementor-section elementor-inner-section elementor-element elementor-element-7a7010f elementor-section-content-bottom elementor-section-boxed elementor-section-height-default elementor-section-height-default\" data-id=\"7a7010f\" data-element_type=\"section\" data-settings=\"{&quot;background_background&quot;:&quot;classic&quot;}\">\n\t\t\t\t\t\t<div class=\"elementor-container elementor-column-gap-default\">\n\t\t\t\t\t<div class=\"elementor-column elementor-col-20 elementor-inner-column elementor-element elementor-element-e390006\" data-id=\"e390006\" data-element_type=\"column\">\n\t\t\t<div class=\"elementor-widget-wrap elementor-element-populated\">\n\t\t\t\t\t\t<div class=\"elementor-element elementor-element-e41214f elementor-widget elementor-widget-heading\" data-id=\"e41214f\" data-element_type=\"widget\" data-widget_type=\"heading.default\">\n\t\t\t\t<div class=\"elementor-widget-container\">\n\t\t\t\t\t<h2 class=\"elementor-heading-title elementor-size-default\">Tema\n\nConstitucional<\/h2>\t\t\t\t<\/div>\n\t\t\t\t<\/div>\n\t\t\t\t\t<\/div>\n\t\t<\/div>\n\t\t\t\t<div class=\"elementor-column elementor-col-20 elementor-inner-column elementor-element elementor-element-90af752\" data-id=\"90af752\" data-element_type=\"column\">\n\t\t\t<div class=\"elementor-widget-wrap elementor-element-populated\">\n\t\t\t\t\t\t<div class=\"elementor-element elementor-element-66baf42 elementor-align-center elementor-mobile-align-center elementor-widget elementor-widget-button\" data-id=\"66baf42\" data-element_type=\"widget\" data-widget_type=\"button.default\">\n\t\t\t\t<div class=\"elementor-widget-container\">\n\t\t\t\t\t\t\t\t\t<div class=\"elementor-button-wrapper\">\n\t\t\t\t\t<a class=\"elementor-button elementor-button-link elementor-size-sm\" href=\"http:\/\/uycadvisors.com\/tema-consitucional\/\">\n\t\t\t\t\t\t<span class=\"elementor-button-content-wrapper\">\n\t\t\t\t\t\t\t\t\t<span class=\"elementor-button-text\">Impuesto al Patrimonio<\/span>\n\t\t\t\t\t<\/span>\n\t\t\t\t\t<\/a>\n\t\t\t\t<\/div>\n\t\t\t\t\t\t\t\t<\/div>\n\t\t\t\t<\/div>\n\t\t\t\t\t<\/div>\n\t\t<\/div>\n\t\t\t\t<div class=\"elementor-column elementor-col-20 elementor-inner-column elementor-element elementor-element-7e7d6f1\" data-id=\"7e7d6f1\" data-element_type=\"column\">\n\t\t\t<div class=\"elementor-widget-wrap elementor-element-populated\">\n\t\t\t\t\t\t<div class=\"elementor-element elementor-element-1dae920 elementor-align-center elementor-mobile-align-center elementor-widget elementor-widget-button\" data-id=\"1dae920\" data-element_type=\"widget\" data-widget_type=\"button.default\">\n\t\t\t\t<div class=\"elementor-widget-container\">\n\t\t\t\t\t\t\t\t\t<div class=\"elementor-button-wrapper\">\n\t\t\t\t\t<a class=\"elementor-button elementor-button-link elementor-size-sm\" href=\"http:\/\/uycadvisors.com\/newsletter-tema-x\/\">\n\t\t\t\t\t\t<span class=\"elementor-button-content-wrapper\">\n\t\t\t\t\t\t\t\t\t<span class=\"elementor-button-text\">Newsletter Tema X<\/span>\n\t\t\t\t\t<\/span>\n\t\t\t\t\t<\/a>\n\t\t\t\t<\/div>\n\t\t\t\t\t\t\t\t<\/div>\n\t\t\t\t<\/div>\n\t\t\t\t\t<\/div>\n\t\t<\/div>\n\t\t\t\t<div class=\"elementor-column elementor-col-20 elementor-inner-column elementor-element elementor-element-8d21b3d\" data-id=\"8d21b3d\" data-element_type=\"column\">\n\t\t\t<div class=\"elementor-widget-wrap elementor-element-populated\">\n\t\t\t\t\t\t<div class=\"elementor-element elementor-element-3865495 elementor-align-center elementor-mobile-align-center elementor-widget elementor-widget-button\" data-id=\"3865495\" data-element_type=\"widget\" data-widget_type=\"button.default\">\n\t\t\t\t<div class=\"elementor-widget-container\">\n\t\t\t\t\t\t\t\t\t<div class=\"elementor-button-wrapper\">\n\t\t\t\t\t<a class=\"elementor-button elementor-button-link elementor-size-sm\" href=\"http:\/\/uycadvisors.com\/newsletter-tema-xx\/\">\n\t\t\t\t\t\t<span class=\"elementor-button-content-wrapper\">\n\t\t\t\t\t\t\t\t\t<span class=\"elementor-button-text\">Newsletter Tema X X<\/span>\n\t\t\t\t\t<\/span>\n\t\t\t\t\t<\/a>\n\t\t\t\t<\/div>\n\t\t\t\t\t\t\t\t<\/div>\n\t\t\t\t<\/div>\n\t\t\t\t\t<\/div>\n\t\t<\/div>\n\t\t\t\t<div class=\"elementor-column elementor-col-20 elementor-inner-column elementor-element elementor-element-dae09ed\" data-id=\"dae09ed\" data-element_type=\"column\">\n\t\t\t<div class=\"elementor-widget-wrap elementor-element-populated\">\n\t\t\t\t\t\t<div class=\"elementor-element elementor-element-9dcbbbb elementor-widget elementor-widget-spacer\" data-id=\"9dcbbbb\" data-element_type=\"widget\" data-widget_type=\"spacer.default\">\n\t\t\t\t<div class=\"elementor-widget-container\">\n\t\t\t\t\t\t\t<div class=\"elementor-spacer\">\n\t\t\t<div class=\"elementor-spacer-inner\"><\/div>\n\t\t<\/div>\n\t\t\t\t\t\t<\/div>\n\t\t\t\t<\/div>\n\t\t\t\t\t<\/div>\n\t\t<\/div>\n\t\t\t\t\t<\/div>\n\t\t<\/section>\n\t\t\t\t\t<\/div>\n\t\t<\/div>\n\t\t\t\t\t<\/div>\n\t\t<\/section>\n\t\t\t\t<section class=\"elementor-section elementor-top-section elementor-element elementor-element-62ef1d4c elementor-section-full_width elementor-section-height-default elementor-section-height-default\" data-id=\"62ef1d4c\" data-element_type=\"section\" data-settings=\"{&quot;background_background&quot;:&quot;classic&quot;}\">\n\t\t\t\t\t\t<div class=\"elementor-container elementor-column-gap-default\">\n\t\t\t\t\t<div class=\"elementor-column elementor-col-100 elementor-top-column elementor-element elementor-element-f8d9123\" data-id=\"f8d9123\" data-element_type=\"column\" data-settings=\"{&quot;background_background&quot;:&quot;classic&quot;}\">\n\t\t\t<div class=\"elementor-widget-wrap elementor-element-populated\">\n\t\t\t\t\t\t<section class=\"elementor-section elementor-inner-section elementor-element elementor-element-5c945030 elementor-section-boxed elementor-section-height-default elementor-section-height-default\" data-id=\"5c945030\" data-element_type=\"section\" data-settings=\"{&quot;background_background&quot;:&quot;classic&quot;}\">\n\t\t\t\t\t\t<div class=\"elementor-container elementor-column-gap-default\">\n\t\t\t\t\t<div class=\"elementor-column elementor-col-50 elementor-inner-column elementor-element elementor-element-c5b354c\" data-id=\"c5b354c\" data-element_type=\"column\" data-settings=\"{&quot;background_background&quot;:&quot;classic&quot;}\">\n\t\t\t<div class=\"elementor-widget-wrap\">\n\t\t\t\t\t\t\t<\/div>\n\t\t<\/div>\n\t\t\t\t<div class=\"elementor-column elementor-col-50 elementor-inner-column elementor-element elementor-element-37989ec1\" data-id=\"37989ec1\" data-element_type=\"column\" data-settings=\"{&quot;background_background&quot;:&quot;classic&quot;}\">\n\t\t\t<div class=\"elementor-widget-wrap elementor-element-populated\">\n\t\t\t\t\t\t<div class=\"elementor-element elementor-element-2f06da09 elementor-widget elementor-widget-heading\" data-id=\"2f06da09\" data-element_type=\"widget\" data-widget_type=\"heading.default\">\n\t\t\t\t<div class=\"elementor-widget-container\">\n\t\t\t\t\t<h2 class=\"elementor-heading-title elementor-size-default\">5 ABRIL 2020<\/h2>\t\t\t\t<\/div>\n\t\t\t\t<\/div>\n\t\t\t\t<div class=\"elementor-element elementor-element-272de43 elementor-widget elementor-widget-heading\" data-id=\"272de43\" data-element_type=\"widget\" data-widget_type=\"heading.default\">\n\t\t\t\t<div class=\"elementor-widget-container\">\n\t\t\t\t\t<h2 class=\"elementor-heading-title elementor-size-default\">Impuesto al Patrimonio<\/h2>\t\t\t\t<\/div>\n\t\t\t\t<\/div>\n\t\t\t\t<div class=\"elementor-element elementor-element-24324828 elementor-widget elementor-widget-text-editor\" data-id=\"24324828\" data-element_type=\"widget\" data-widget_type=\"text-editor.default\">\n\t\t\t\t<div class=\"elementor-widget-container\">\n\t\t\t\t\t\t\t\t\t\u201cEstas reformas impactan a las personas, ya que generalmente se traspasa a precio el costo del impuesto\u201d, afirm\u00f3 el socio del Departamento de Asesor\u00eda Legal Tributaria en PwC.\n<br><br>\nEntender c\u00f3mo funcionan los impuestos y el tema tributario para una compa\u00f1\u00eda, especialmente para quienes las manejan, puede marcar la diferencia en la optimizaci\u00f3n de sus recursos y ganancias. De ah\u00ed la relevancia e inter\u00e9s de la Facultad de Ciencias Econ\u00f3micas y Empresariales de la UANDES de entregar -especialmente a sus alumnos y profesores- informaci\u00f3n respecto de c\u00f3mo la reforma tributaria modifica la ley actual.\n<br><br>\nEste fue el objetivo de la charla que dict\u00f3 el viernes 12 de junio el abogado Nicol\u00e1s Ulloa (DER 05), socio del Departamento de Asesor\u00eda Legal Tributaria en PwC, experto en tributaci\u00f3n local, derecho corporativo, reorganizaci\u00f3n de sociedades, creaci\u00f3n de estructuras de compra y venta de empresas.\n<br><br>\nDurante su presentaci\u00f3n, el abogado abord\u00f3 seis temas: el sistema actual del impuesto a la empresa versus los sistemas nuevos; la situaci\u00f3n del Fondo de Utilidades Tributables (FUT); la tributaci\u00f3n de los bienes ra\u00edces, acciones o derechos sociales y de los veh\u00edculos nuevos; las PYMES; el impuesto de timbres y estampillas; y, por \u00faltimo, las normas para combatir la elusi\u00f3n y evasi\u00f3n tributaria.\t\t\t\t\t\t\t\t<\/div>\n\t\t\t\t<\/div>\n\t\t\t\t<div class=\"elementor-element elementor-element-7350ce1a elementor-widget elementor-widget-heading\" data-id=\"7350ce1a\" data-element_type=\"widget\" data-widget_type=\"heading.default\">\n\t\t\t\t<div class=\"elementor-widget-container\">\n\t\t\t\t\t<h2 class=\"elementor-heading-title elementor-size-default\">Detalles de la reforma<\/h2>\t\t\t\t<\/div>\n\t\t\t\t<\/div>\n\t\t\t\t<div class=\"elementor-element elementor-element-129683d8 elementor-widget elementor-widget-text-editor\" data-id=\"129683d8\" data-element_type=\"widget\" data-widget_type=\"text-editor.default\">\n\t\t\t\t<div class=\"elementor-widget-container\">\n\t\t\t\t\t\t\t\t\tEntre los principales cambios, Ulloa destac\u00f3 la introducci\u00f3n de dos nuevos sistemas de tributaci\u00f3n del impuesto de primera categor\u00eda (impuesto a las empresas), los que coexistir\u00edan a partir de 2017. Estos son: el sistema de renta atribuida y el sistema parcialmente integrado.<br><br>\n\n \n\nAsimismo, afirm\u00f3 que \u201cse realiza un aumento gradual de la tasa de este impuesto, de un 20% a un 25% o 27%, dependiendo del r\u00e9gimen elegido\u201d.<br><br>\n\n \n\nSeg\u00fan el experto, la ley actual incentiva la capitalizaci\u00f3n de la empresa, penalizando el retiro de los recursos de la empresa para su gusto o consumo, con un impuesto. Con la reforma, explic\u00f3, \u201cse estableci\u00f3 un impuesto de tasa baja y se dispuso que, mientras los socios o accionistas no retiraran los recursos de la empresa, no pagar\u00edan Impuestos Finales, incentivando el ahorro\u201d.\n\n <br><br>\n\nOtra modificaci\u00f3n es el cr\u00e9dito por contribuci\u00f3n (renta). Seg\u00fan el abogado, este tipo de reformas impactan a las personas, ya que generalmente se traspasa a precio el costo del impuesto.\n<br><br>\nAlgunos elementos a considerar con la reforma en relaci\u00f3n a los bienes ra\u00edces, es que ser\u00e1 considerado -s\u00f3lo para personas naturales- ingreso no constitutivo de renta (INR) hasta un monto de utilidad de UF 8.000, con tenencia de al menos un a\u00f1o, y en caso de subdivisi\u00f3n de terrenos y venta de edificios por pisos o departamento, de cuatro a\u00f1os.\n\n \n<br><br>\nEn cuanto al IVA, estar\u00e1 exento para los beneficiarios de un subsidio habitacional que haya sido otorgado por el Ministerio de Vivienda y Urbanismo. Tampoco se aplicar\u00e1 a las ventas y otras transferencias de dominio de inmueble que se efect\u00faen en virtud de un acto o contrato cuya celebraci\u00f3n se hubiese hecho antes del 1 de enero de 2016; y las ventas, siempre que dichos bienes cuenten con el permiso de edificaci\u00f3n al 1 de enero de 2016, as\u00ed como las ventas respectivas que se efect\u00faen entre el 1 de enero de 2016 al 1 de enero de 2017.\n\n <br><br>\n\nRespecto a los veh\u00edculos nuevos, se introducir\u00e1n ciertos impuestos verdes, a fin de resguardar la calidad ambiental, que estar\u00e1n determinados por la emisi\u00f3n de \u00f3xido de nitr\u00f3geno, el rendimiento urbano del veh\u00edculo y el precio de venta del autom\u00f3vil.\n\n \n<br><br>\nPara las PYMES, por su parte, desde el 1 de enero de 2017 se establecen dos reg\u00edmenes especiales. Uno aplicable a sociedades de ingresos inferiores a UF 50.000 y otro aplicable a sociedades con ingresos inferiores a UF 100.000.\n\n \t\t\t\t\t\t\t\t<\/div>\n\t\t\t\t<\/div>\n\t\t\t\t\t<\/div>\n\t\t<\/div>\n\t\t\t\t\t<\/div>\n\t\t<\/section>\n\t\t\t\t\t<\/div>\n\t\t<\/div>\n\t\t\t\t\t<\/div>\n\t\t<\/section>\n\t\t\t\t<\/div>\n\t\t","protected":false},"excerpt":{"rendered":"<p>Tema Constitucional Impuesto al Patrimonio Newsletter Tema X Newsletter Tema X X 5 ABRIL 2020 Impuesto al Patrimonio \u201cEstas reformas impactan a las personas, ya que generalmente se traspasa a precio el costo del impuesto\u201d, afirm\u00f3 el socio del Departamento de Asesor\u00eda Legal Tributaria en PwC. Entender c\u00f3mo funcionan los impuestos y el tema tributario [&hellip;]<\/p>\n","protected":false},"author":2,"featured_media":0,"parent":0,"menu_order":0,"comment_status":"closed","ping_status":"closed","template":"elementor_header_footer","meta":{"om_disable_all_campaigns":false,"_monsterinsights_skip_tracking":false,"_monsterinsights_sitenote_active":false,"_monsterinsights_sitenote_note":"","_monsterinsights_sitenote_category":0,"footnotes":""},"class_list":["post-385","page","type-page","status-publish","hentry"],"yoast_head":"<!-- This site is optimized with the Yoast SEO plugin v25.9 - https:\/\/yoast.com\/wordpress\/plugins\/seo\/ -->\n<title>Tema Consitucional - Ulloa &amp; C\u00eda.<\/title>\n<meta name=\"robots\" content=\"index, follow, max-snippet:-1, max-image-preview:large, max-video-preview:-1\" \/>\n<link rel=\"canonical\" href=\"https:\/\/uycadvisor.com\/es\/tema-consitucional\/\" \/>\n<meta property=\"og:locale\" content=\"es_ES\" \/>\n<meta property=\"og:type\" content=\"article\" \/>\n<meta property=\"og:title\" content=\"Tema Consitucional - Ulloa &amp; C\u00eda.\" \/>\n<meta property=\"og:description\" content=\"Tema Constitucional Impuesto al Patrimonio Newsletter Tema X Newsletter Tema X X 5 ABRIL 2020 Impuesto al Patrimonio \u201cEstas reformas impactan a las personas, ya que generalmente se traspasa a precio el costo del impuesto\u201d, afirm\u00f3 el socio del Departamento de Asesor\u00eda Legal Tributaria en PwC. Entender c\u00f3mo funcionan los impuestos y el tema tributario [&hellip;]\" \/>\n<meta property=\"og:url\" content=\"https:\/\/uycadvisor.com\/es\/tema-consitucional\/\" \/>\n<meta property=\"og:site_name\" content=\"Ulloa &amp; C\u00eda.\" \/>\n<meta property=\"article:modified_time\" content=\"2024-06-11T13:33:27+00:00\" \/>\n<meta name=\"twitter:card\" content=\"summary_large_image\" \/>\n<meta name=\"twitter:label1\" content=\"Tiempo de lectura\" \/>\n\t<meta name=\"twitter:data1\" content=\"3 minutos\" \/>\n<script type=\"application\/ld+json\" class=\"yoast-schema-graph\">{\"@context\":\"https:\/\/schema.org\",\"@graph\":[{\"@type\":\"WebPage\",\"@id\":\"https:\/\/uycadvisor.com\/es\/tema-consitucional\/\",\"url\":\"https:\/\/uycadvisor.com\/es\/tema-consitucional\/\",\"name\":\"Tema Consitucional - Ulloa &amp; C\u00eda.\",\"isPartOf\":{\"@id\":\"https:\/\/uycadvisor.com\/#website\"},\"datePublished\":\"2021-04-11T07:09:25+00:00\",\"dateModified\":\"2024-06-11T13:33:27+00:00\",\"breadcrumb\":{\"@id\":\"https:\/\/uycadvisor.com\/es\/tema-consitucional\/#breadcrumb\"},\"inLanguage\":\"es\",\"potentialAction\":[{\"@type\":\"ReadAction\",\"target\":[\"https:\/\/uycadvisor.com\/es\/tema-consitucional\/\"]}]},{\"@type\":\"BreadcrumbList\",\"@id\":\"https:\/\/uycadvisor.com\/es\/tema-consitucional\/#breadcrumb\",\"itemListElement\":[{\"@type\":\"ListItem\",\"position\":1,\"name\":\"Portada\",\"item\":\"https:\/\/uycadvisor.com\/\"},{\"@type\":\"ListItem\",\"position\":2,\"name\":\"Tema Consitucional\"}]},{\"@type\":\"WebSite\",\"@id\":\"https:\/\/uycadvisor.com\/#website\",\"url\":\"https:\/\/uycadvisor.com\/\",\"name\":\"Ulloa &amp; C\u00eda.\",\"description\":\"Somos especialistas en el \u00e1rea tributaria\",\"publisher\":{\"@id\":\"https:\/\/uycadvisor.com\/#organization\"},\"potentialAction\":[{\"@type\":\"SearchAction\",\"target\":{\"@type\":\"EntryPoint\",\"urlTemplate\":\"https:\/\/uycadvisor.com\/?s={search_term_string}\"},\"query-input\":{\"@type\":\"PropertyValueSpecification\",\"valueRequired\":true,\"valueName\":\"search_term_string\"}}],\"inLanguage\":\"es\"},{\"@type\":\"Organization\",\"@id\":\"https:\/\/uycadvisor.com\/#organization\",\"name\":\"Ulloa &amp; C\u00eda.\",\"url\":\"https:\/\/uycadvisor.com\/\",\"logo\":{\"@type\":\"ImageObject\",\"inLanguage\":\"es\",\"@id\":\"https:\/\/uycadvisor.com\/#\/schema\/logo\/image\/\",\"url\":\"https:\/\/uycadvisor.com\/wp-content\/uploads\/2024\/07\/Logo-BAJA.jpg\",\"contentUrl\":\"https:\/\/uycadvisor.com\/wp-content\/uploads\/2024\/07\/Logo-BAJA.jpg\",\"width\":398,\"height\":259,\"caption\":\"Ulloa &amp; C\u00eda.\"},\"image\":{\"@id\":\"https:\/\/uycadvisor.com\/#\/schema\/logo\/image\/\"}}]}<\/script>\n<!-- \/ Yoast SEO plugin. -->","yoast_head_json":{"title":"Tema Consitucional - Ulloa &amp; C\u00eda.","robots":{"index":"index","follow":"follow","max-snippet":"max-snippet:-1","max-image-preview":"max-image-preview:large","max-video-preview":"max-video-preview:-1"},"canonical":"https:\/\/uycadvisor.com\/es\/tema-consitucional\/","og_locale":"es_ES","og_type":"article","og_title":"Tema Consitucional - Ulloa &amp; C\u00eda.","og_description":"Tema Constitucional Impuesto al Patrimonio Newsletter Tema X Newsletter Tema X X 5 ABRIL 2020 Impuesto al Patrimonio \u201cEstas reformas impactan a las personas, ya que generalmente se traspasa a precio el costo del impuesto\u201d, afirm\u00f3 el socio del Departamento de Asesor\u00eda Legal Tributaria en PwC. Entender c\u00f3mo funcionan los impuestos y el tema tributario [&hellip;]","og_url":"https:\/\/uycadvisor.com\/es\/tema-consitucional\/","og_site_name":"Ulloa &amp; C\u00eda.","article_modified_time":"2024-06-11T13:33:27+00:00","twitter_card":"summary_large_image","twitter_misc":{"Tiempo de lectura":"3 minutos"},"schema":{"@context":"https:\/\/schema.org","@graph":[{"@type":"WebPage","@id":"https:\/\/uycadvisor.com\/es\/tema-consitucional\/","url":"https:\/\/uycadvisor.com\/es\/tema-consitucional\/","name":"Tema Consitucional - Ulloa &amp; C\u00eda.","isPartOf":{"@id":"https:\/\/uycadvisor.com\/#website"},"datePublished":"2021-04-11T07:09:25+00:00","dateModified":"2024-06-11T13:33:27+00:00","breadcrumb":{"@id":"https:\/\/uycadvisor.com\/es\/tema-consitucional\/#breadcrumb"},"inLanguage":"es","potentialAction":[{"@type":"ReadAction","target":["https:\/\/uycadvisor.com\/es\/tema-consitucional\/"]}]},{"@type":"BreadcrumbList","@id":"https:\/\/uycadvisor.com\/es\/tema-consitucional\/#breadcrumb","itemListElement":[{"@type":"ListItem","position":1,"name":"Portada","item":"https:\/\/uycadvisor.com\/"},{"@type":"ListItem","position":2,"name":"Tema Consitucional"}]},{"@type":"WebSite","@id":"https:\/\/uycadvisor.com\/#website","url":"https:\/\/uycadvisor.com\/","name":"Ulloa &amp; C\u00eda.","description":"Somos especialistas en el \u00e1rea tributaria","publisher":{"@id":"https:\/\/uycadvisor.com\/#organization"},"potentialAction":[{"@type":"SearchAction","target":{"@type":"EntryPoint","urlTemplate":"https:\/\/uycadvisor.com\/?s={search_term_string}"},"query-input":{"@type":"PropertyValueSpecification","valueRequired":true,"valueName":"search_term_string"}}],"inLanguage":"es"},{"@type":"Organization","@id":"https:\/\/uycadvisor.com\/#organization","name":"Ulloa &amp; C\u00eda.","url":"https:\/\/uycadvisor.com\/","logo":{"@type":"ImageObject","inLanguage":"es","@id":"https:\/\/uycadvisor.com\/#\/schema\/logo\/image\/","url":"https:\/\/uycadvisor.com\/wp-content\/uploads\/2024\/07\/Logo-BAJA.jpg","contentUrl":"https:\/\/uycadvisor.com\/wp-content\/uploads\/2024\/07\/Logo-BAJA.jpg","width":398,"height":259,"caption":"Ulloa &amp; C\u00eda."},"image":{"@id":"https:\/\/uycadvisor.com\/#\/schema\/logo\/image\/"}}]}},"_links":{"self":[{"href":"https:\/\/uycadvisor.com\/es\/wp-json\/wp\/v2\/pages\/385","targetHints":{"allow":["GET"]}}],"collection":[{"href":"https:\/\/uycadvisor.com\/es\/wp-json\/wp\/v2\/pages"}],"about":[{"href":"https:\/\/uycadvisor.com\/es\/wp-json\/wp\/v2\/types\/page"}],"author":[{"embeddable":true,"href":"https:\/\/uycadvisor.com\/es\/wp-json\/wp\/v2\/users\/2"}],"replies":[{"embeddable":true,"href":"https:\/\/uycadvisor.com\/es\/wp-json\/wp\/v2\/comments?post=385"}],"version-history":[{"count":25,"href":"https:\/\/uycadvisor.com\/es\/wp-json\/wp\/v2\/pages\/385\/revisions"}],"predecessor-version":[{"id":1009,"href":"https:\/\/uycadvisor.com\/es\/wp-json\/wp\/v2\/pages\/385\/revisions\/1009"}],"wp:attachment":[{"href":"https:\/\/uycadvisor.com\/es\/wp-json\/wp\/v2\/media?parent=385"}],"curies":[{"name":"wp","href":"https:\/\/api.w.org\/{rel}","templated":true}]}}