{"id":3667,"date":"2024-03-20T19:17:23","date_gmt":"2024-03-20T22:17:23","guid":{"rendered":"https:\/\/uycadvisors.com\/?page_id=3667"},"modified":"2024-03-20T19:27:18","modified_gmt":"2024-03-20T22:27:18","slug":"seminario-proyecto-de-ley-de-cumplimiento-tributario","status":"publish","type":"page","link":"https:\/\/uycadvisor.com\/es\/seminario-proyecto-de-ley-de-cumplimiento-tributario\/","title":{"rendered":"Seminario \u00abProyecto de Ley de Cumplimiento Tributario\u201d"},"content":{"rendered":"\t\t<div data-elementor-type=\"wp-page\" data-elementor-id=\"3667\" class=\"elementor elementor-3667\" data-elementor-post-type=\"page\">\n\t\t\t\t\t\t<section class=\"elementor-section elementor-top-section elementor-element elementor-element-4e67c970 elementor-section-full_width elementor-section-height-min-height elementor-section-height-default elementor-section-items-middle\" data-id=\"4e67c970\" data-element_type=\"section\" data-settings=\"{&quot;background_background&quot;:&quot;classic&quot;}\">\n\t\t\t\t\t\t\t<div class=\"elementor-background-overlay\"><\/div>\n\t\t\t\t\t\t\t<div class=\"elementor-container elementor-column-gap-default\">\n\t\t\t\t\t<div class=\"elementor-column elementor-col-100 elementor-top-column elementor-element elementor-element-175e96ea\" data-id=\"175e96ea\" data-element_type=\"column\">\n\t\t\t<div class=\"elementor-widget-wrap elementor-element-populated\">\n\t\t\t\t\t\t<div class=\"elementor-element elementor-element-3ef5ef0e elementor-widget elementor-widget-spacer\" data-id=\"3ef5ef0e\" data-element_type=\"widget\" data-widget_type=\"spacer.default\">\n\t\t\t\t<div class=\"elementor-widget-container\">\n\t\t\t\t\t\t\t<div class=\"elementor-spacer\">\n\t\t\t<div class=\"elementor-spacer-inner\"><\/div>\n\t\t<\/div>\n\t\t\t\t\t\t<\/div>\n\t\t\t\t<\/div>\n\t\t\t\t\t<\/div>\n\t\t<\/div>\n\t\t\t\t\t<\/div>\n\t\t<\/section>\n\t\t\t\t<section class=\"elementor-section elementor-top-section elementor-element elementor-element-2ed18bc7 elementor-section-boxed elementor-section-height-default elementor-section-height-default\" data-id=\"2ed18bc7\" data-element_type=\"section\" data-settings=\"{&quot;background_background&quot;:&quot;classic&quot;}\">\n\t\t\t\t\t\t<div class=\"elementor-container elementor-column-gap-default\">\n\t\t\t\t\t<div class=\"elementor-column elementor-col-100 elementor-top-column elementor-element elementor-element-4fb1b19e\" data-id=\"4fb1b19e\" data-element_type=\"column\">\n\t\t\t<div class=\"elementor-widget-wrap elementor-element-populated\">\n\t\t\t\t\t\t<section class=\"elementor-section elementor-inner-section elementor-element elementor-element-581e18b0 elementor-section-boxed elementor-section-height-default elementor-section-height-default\" data-id=\"581e18b0\" data-element_type=\"section\">\n\t\t\t\t\t\t<div class=\"elementor-container elementor-column-gap-default\">\n\t\t\t\t\t<div class=\"elementor-column elementor-col-33 elementor-inner-column elementor-element elementor-element-20fdadfc\" data-id=\"20fdadfc\" data-element_type=\"column\">\n\t\t\t<div class=\"elementor-widget-wrap elementor-element-populated\">\n\t\t\t\t\t\t<div class=\"elementor-element elementor-element-1b57f85e elementor-widget elementor-widget-heading\" data-id=\"1b57f85e\" data-element_type=\"widget\" data-widget_type=\"heading.default\">\n\t\t\t\t<div class=\"elementor-widget-container\">\n\t\t\t\t\t<h2 class=\"elementor-heading-title elementor-size-default\">Seminarios<\/h2>\t\t\t\t<\/div>\n\t\t\t\t<\/div>\n\t\t\t\t<div class=\"elementor-element elementor-element-13d805dd elementor-absolute elementor-widget-divider--view-line elementor-widget elementor-widget-divider\" data-id=\"13d805dd\" data-element_type=\"widget\" data-settings=\"{&quot;_position&quot;:&quot;absolute&quot;}\" data-widget_type=\"divider.default\">\n\t\t\t\t<div class=\"elementor-widget-container\">\n\t\t\t\t\t\t\t<div class=\"elementor-divider\">\n\t\t\t<span class=\"elementor-divider-separator\">\n\t\t\t\t\t\t<\/span>\n\t\t<\/div>\n\t\t\t\t\t\t<\/div>\n\t\t\t\t<\/div>\n\t\t\t\t\t<\/div>\n\t\t<\/div>\n\t\t\t\t<div class=\"elementor-column elementor-col-33 elementor-inner-column elementor-element elementor-element-6434e1fc\" data-id=\"6434e1fc\" data-element_type=\"column\">\n\t\t\t<div class=\"elementor-widget-wrap elementor-element-populated\">\n\t\t\t\t\t\t<div class=\"elementor-element elementor-element-1e3d5b89 elementor-widget elementor-widget-heading\" data-id=\"1e3d5b89\" data-element_type=\"widget\" data-widget_type=\"heading.default\">\n\t\t\t\t<div class=\"elementor-widget-container\">\n\t\t\t\t\t<h2 class=\"elementor-heading-title elementor-size-default\"><a href=\"http:\/\/uycadvisors.com\/seminario\/\">14 DE MARZO, 2024<\/a><\/h2>\t\t\t\t<\/div>\n\t\t\t\t<\/div>\n\t\t\t\t<div class=\"elementor-element elementor-element-3fca55c0 elementor-align-right elementor-icon-list--layout-inline elementor-list-item-link-full_width elementor-widget elementor-widget-icon-list\" data-id=\"3fca55c0\" data-element_type=\"widget\" data-widget_type=\"icon-list.default\">\n\t\t\t\t<div class=\"elementor-widget-container\">\n\t\t\t\t\t\t\t<ul class=\"elementor-icon-list-items elementor-inline-items\">\n\t\t\t\t\t\t\t<li class=\"elementor-icon-list-item elementor-inline-item\">\n\t\t\t\t\t\t\t\t\t\t\t<a href=\"http:\/\/uycadvisors.com\/home\/\">\n\n\t\t\t\t\t\t\t\t\t\t\t\t<span class=\"elementor-icon-list-icon\">\n\t\t\t\t\t\t\t<i aria-hidden=\"true\" class=\"fas fa-external-link-alt\"><\/i>\t\t\t\t\t\t<\/span>\n\t\t\t\t\t\t\t\t\t\t<span class=\"elementor-icon-list-text\">VOLVER<\/span>\n\t\t\t\t\t\t\t\t\t\t\t<\/a>\n\t\t\t\t\t\t\t\t\t<\/li>\n\t\t\t\t\t\t<\/ul>\n\t\t\t\t\t\t<\/div>\n\t\t\t\t<\/div>\n\t\t\t\t<div class=\"elementor-element elementor-element-5317148f elementor-widget elementor-widget-heading\" data-id=\"5317148f\" data-element_type=\"widget\" data-widget_type=\"heading.default\">\n\t\t\t\t<div class=\"elementor-widget-container\">\n\t\t\t\t\t<h2 class=\"elementor-heading-title elementor-size-default\">Seminario: Proyecto de Ley de Cumplimiento Tributario<\/h2>\t\t\t\t<\/div>\n\t\t\t\t<\/div>\n\t\t\t\t<div class=\"elementor-element elementor-element-5e0b5ef elementor-widget elementor-widget-image\" data-id=\"5e0b5ef\" data-element_type=\"widget\" data-widget_type=\"image.default\">\n\t\t\t\t<div class=\"elementor-widget-container\">\n\t\t\t\t\t\t\t\t\t\t\t\t\t\t\t<img fetchpriority=\"high\" decoding=\"async\" width=\"800\" height=\"419\" src=\"https:\/\/uycadvisor.com\/wp-content\/uploads\/2024\/03\/Seminario-Cumplimiento-Tributario-uycia-1024x536.jpg\" class=\"attachment-large size-large wp-image-3670\" alt=\"\" srcset=\"https:\/\/uycadvisor.com\/wp-content\/uploads\/2024\/03\/Seminario-Cumplimiento-Tributario-uycia-1024x536.jpg 1024w, https:\/\/uycadvisor.com\/wp-content\/uploads\/2024\/03\/Seminario-Cumplimiento-Tributario-uycia-300x157.jpg 300w, https:\/\/uycadvisor.com\/wp-content\/uploads\/2024\/03\/Seminario-Cumplimiento-Tributario-uycia-768x402.jpg 768w, https:\/\/uycadvisor.com\/wp-content\/uploads\/2024\/03\/Seminario-Cumplimiento-Tributario-uycia-1536x804.jpg 1536w, https:\/\/uycadvisor.com\/wp-content\/uploads\/2024\/03\/Seminario-Cumplimiento-Tributario-uycia.jpg 1600w\" sizes=\"(max-width: 800px) 100vw, 800px\" \/>\t\t\t\t\t\t\t\t\t\t\t\t\t\t\t<\/div>\n\t\t\t\t<\/div>\n\t\t\t\t<div class=\"elementor-element elementor-element-75d4dfe4 elementor-widget elementor-widget-text-editor\" data-id=\"75d4dfe4\" data-element_type=\"widget\" data-widget_type=\"text-editor.default\">\n\t\t\t\t<div class=\"elementor-widget-container\">\n\t\t\t\t\t\t\t\t\t<p><span style=\"color: rgba(0, 0, 0, 0.9); font-family: -apple-system, system-ui, 'system-ui', 'Segoe UI', Roboto, 'Helvetica Neue', 'Fira Sans', Ubuntu, Oxygen, 'Oxygen Sans', Cantarell, 'Droid Sans', 'Apple Color Emoji', 'Segoe UI Emoji', 'Segoe UI Emoji', 'Segoe UI Symbol', 'Lucida Grande', Helvetica, Arial, sans-serif; font-size: 14px;\">Hoy realizamos el Seminario \u201cProyecto de Ley de Cumplimiento Tributario\u201d con un desayuno en el Hyatt Centric y el objetivo de aproximarnos a los aspectos m\u00e1s relevantes del Proyecto de Ley de Cumplimiento de Obligaciones Tributarias, presentado por el Gobierno con el fin de incrementar la recaudaci\u00f3n fiscal.<\/span><br style=\"box-sizing: inherit; color: rgba(0, 0, 0, 0.9); font-family: -apple-system, system-ui, 'system-ui', 'Segoe UI', Roboto, 'Helvetica Neue', 'Fira Sans', Ubuntu, Oxygen, 'Oxygen Sans', Cantarell, 'Droid Sans', 'Apple Color Emoji', 'Segoe UI Emoji', 'Segoe UI Emoji', 'Segoe UI Symbol', 'Lucida Grande', Helvetica, Arial, sans-serif; font-size: 14px; line-height: inherit !important;\" \/><br style=\"box-sizing: inherit; color: rgba(0, 0, 0, 0.9); font-family: -apple-system, system-ui, 'system-ui', 'Segoe UI', Roboto, 'Helvetica Neue', 'Fira Sans', Ubuntu, Oxygen, 'Oxygen Sans', Cantarell, 'Droid Sans', 'Apple Color Emoji', 'Segoe UI Emoji', 'Segoe UI Emoji', 'Segoe UI Symbol', 'Lucida Grande', Helvetica, Arial, sans-serif; font-size: 14px; line-height: inherit !important;\" \/><span style=\"color: rgba(0, 0, 0, 0.9); font-family: -apple-system, system-ui, 'system-ui', 'Segoe UI', Roboto, 'Helvetica Neue', 'Fira Sans', Ubuntu, Oxygen, 'Oxygen Sans', Cantarell, 'Droid Sans', 'Apple Color Emoji', 'Segoe UI Emoji', 'Segoe UI Emoji', 'Segoe UI Symbol', 'Lucida Grande', Helvetica, Arial, sans-serif; font-size: 14px;\">Expusieron nuestros socios, Nicol\u00e1s Ulloa y Adriana Zaidan,<\/span><span style=\"color: rgba(0, 0, 0, 0.9); font-family: -apple-system, system-ui, 'system-ui', 'Segoe UI', Roboto, 'Helvetica Neue', 'Fira Sans', Ubuntu, Oxygen, 'Oxygen Sans', Cantarell, 'Droid Sans', 'Apple Color Emoji', 'Segoe UI Emoji', 'Segoe UI Emoji', 'Segoe UI Symbol', 'Lucida Grande', Helvetica, Arial, sans-serif; font-size: 14px;\">\u00a0junto a Bernardo Fontaine<\/span><span style=\"color: rgba(0, 0, 0, 0.9); font-family: -apple-system, system-ui, 'system-ui', 'Segoe UI', Roboto, 'Helvetica Neue', 'Fira Sans', Ubuntu, Oxygen, 'Oxygen Sans', Cantarell, 'Droid Sans', 'Apple Color Emoji', 'Segoe UI Emoji', 'Segoe UI Emoji', 'Segoe UI Symbol', 'Lucida Grande', Helvetica, Arial, sans-serif; font-size: 14px;\">, economista y constituyente.<\/span><br style=\"box-sizing: inherit; color: rgba(0, 0, 0, 0.9); font-family: -apple-system, system-ui, 'system-ui', 'Segoe UI', Roboto, 'Helvetica Neue', 'Fira Sans', Ubuntu, Oxygen, 'Oxygen Sans', Cantarell, 'Droid Sans', 'Apple Color Emoji', 'Segoe UI Emoji', 'Segoe UI Emoji', 'Segoe UI Symbol', 'Lucida Grande', Helvetica, Arial, sans-serif; font-size: 14px; line-height: inherit !important;\" \/><br style=\"box-sizing: inherit; color: rgba(0, 0, 0, 0.9); font-family: -apple-system, system-ui, 'system-ui', 'Segoe UI', Roboto, 'Helvetica Neue', 'Fira Sans', Ubuntu, Oxygen, 'Oxygen Sans', Cantarell, 'Droid Sans', 'Apple Color Emoji', 'Segoe UI Emoji', 'Segoe UI Emoji', 'Segoe UI Symbol', 'Lucida Grande', Helvetica, Arial, sans-serif; font-size: 14px; line-height: inherit !important;\" \/><span style=\"color: rgba(0, 0, 0, 0.9); font-family: -apple-system, system-ui, 'system-ui', 'Segoe UI', Roboto, 'Helvetica Neue', 'Fira Sans', Ubuntu, Oxygen, 'Oxygen Sans', Cantarell, 'Droid Sans', 'Apple Color Emoji', 'Segoe UI Emoji', 'Segoe UI Emoji', 'Segoe UI Symbol', 'Lucida Grande', Helvetica, Arial, sans-serif; font-size: 14px;\">Se abordaron temas como la modernizaci\u00f3n en la administraci\u00f3n tributaria y la implementaci\u00f3n del expediente electr\u00f3nico de las causas del Tribunal Tributario y Aduanero \u00abTTA\u00bb, el control del comercio informal, los delitos tributarios, las modificaciones al Impuesto a la Herencia y Donaciones, entre otros<\/span><span style=\"color: rgba(0, 0, 0, 0.9); font-family: -apple-system, system-ui, 'system-ui', 'Segoe UI', Roboto, 'Helvetica Neue', 'Fira Sans', Ubuntu, Oxygen, 'Oxygen Sans', Cantarell, 'Droid Sans', 'Apple Color Emoji', 'Segoe UI Emoji', 'Segoe UI Emoji', 'Segoe UI Symbol', 'Lucida Grande', Helvetica, Arial, sans-serif; font-size: 14px;\">.<\/span><\/p>\t\t\t\t\t\t\t\t<\/div>\n\t\t\t\t<\/div>\n\t\t\t\t\t<\/div>\n\t\t<\/div>\n\t\t\t\t<div class=\"elementor-column elementor-col-33 elementor-inner-column elementor-element elementor-element-4d98a5ad\" data-id=\"4d98a5ad\" data-element_type=\"column\">\n\t\t\t<div class=\"elementor-widget-wrap\">\n\t\t\t\t\t\t\t<\/div>\n\t\t<\/div>\n\t\t\t\t\t<\/div>\n\t\t<\/section>\n\t\t\t\t\t<\/div>\n\t\t<\/div>\n\t\t\t\t\t<\/div>\n\t\t<\/section>\n\t\t\t\t<\/div>\n\t\t","protected":false},"excerpt":{"rendered":"<p>Seminarios 14 DE MARZO, 2024 VOLVER Seminario: Proyecto de Ley de Cumplimiento Tributario Hoy realizamos el Seminario \u201cProyecto de Ley de Cumplimiento Tributario\u201d con un desayuno en el Hyatt Centric y el objetivo de aproximarnos a los aspectos m\u00e1s relevantes del Proyecto de Ley de Cumplimiento de Obligaciones Tributarias, presentado por el Gobierno con el [&hellip;]<\/p>\n","protected":false},"author":3,"featured_media":2451,"parent":0,"menu_order":0,"comment_status":"closed","ping_status":"closed","template":"elementor_header_footer","meta":{"om_disable_all_campaigns":false,"_monsterinsights_skip_tracking":false,"_monsterinsights_sitenote_active":false,"_monsterinsights_sitenote_note":"","_monsterinsights_sitenote_category":0,"footnotes":""},"class_list":["post-3667","page","type-page","status-publish","has-post-thumbnail","hentry"],"yoast_head":"<!-- This site is optimized with the Yoast SEO plugin v25.9 - https:\/\/yoast.com\/wordpress\/plugins\/seo\/ -->\n<title>Seminario &quot;Proyecto de Ley de Cumplimiento Tributario\u201d - Ulloa &amp; C\u00eda.<\/title>\n<meta name=\"robots\" content=\"index, follow, max-snippet:-1, max-image-preview:large, max-video-preview:-1\" \/>\n<link rel=\"canonical\" href=\"https:\/\/uycadvisor.com\/seminario-proyecto-de-ley-de-cumplimiento-tributario\/\" \/>\n<meta property=\"og:locale\" content=\"es_ES\" \/>\n<meta property=\"og:type\" content=\"article\" \/>\n<meta property=\"og:title\" content=\"Seminario &quot;Proyecto de Ley de Cumplimiento Tributario\u201d - Ulloa &amp; C\u00eda.\" \/>\n<meta property=\"og:description\" content=\"Seminarios 14 DE MARZO, 2024 VOLVER Seminario: Proyecto de Ley de Cumplimiento Tributario Hoy realizamos el Seminario \u201cProyecto de Ley de Cumplimiento Tributario\u201d con un desayuno en el Hyatt Centric y el objetivo de aproximarnos a los aspectos m\u00e1s relevantes del Proyecto de Ley de Cumplimiento de Obligaciones Tributarias, presentado por el Gobierno con el [&hellip;]\" \/>\n<meta property=\"og:url\" content=\"https:\/\/uycadvisor.com\/seminario-proyecto-de-ley-de-cumplimiento-tributario\/\" \/>\n<meta property=\"og:site_name\" content=\"Ulloa &amp; C\u00eda.\" \/>\n<meta property=\"article:modified_time\" content=\"2024-03-20T22:27:18+00:00\" \/>\n<meta property=\"og:image\" content=\"https:\/\/uycadvisor.com\/wp-content\/uploads\/2021\/03\/Noticia-Reforma-Tributaria-Nicolas-Ulloa.jpg\" \/>\n\t<meta property=\"og:image:width\" content=\"1900\" \/>\n\t<meta property=\"og:image:height\" content=\"735\" \/>\n\t<meta property=\"og:image:type\" content=\"image\/jpeg\" \/>\n<meta name=\"twitter:card\" content=\"summary_large_image\" \/>\n<meta name=\"twitter:label1\" content=\"Tiempo de lectura\" \/>\n\t<meta name=\"twitter:data1\" content=\"1 minuto\" \/>\n<script type=\"application\/ld+json\" class=\"yoast-schema-graph\">{\"@context\":\"https:\/\/schema.org\",\"@graph\":[{\"@type\":\"WebPage\",\"@id\":\"https:\/\/uycadvisor.com\/seminario-proyecto-de-ley-de-cumplimiento-tributario\/\",\"url\":\"https:\/\/uycadvisor.com\/seminario-proyecto-de-ley-de-cumplimiento-tributario\/\",\"name\":\"Seminario \\\"Proyecto de Ley de Cumplimiento Tributario\u201d - Ulloa &amp; C\u00eda.\",\"isPartOf\":{\"@id\":\"https:\/\/uycadvisor.com\/#website\"},\"primaryImageOfPage\":{\"@id\":\"https:\/\/uycadvisor.com\/seminario-proyecto-de-ley-de-cumplimiento-tributario\/#primaryimage\"},\"image\":{\"@id\":\"https:\/\/uycadvisor.com\/seminario-proyecto-de-ley-de-cumplimiento-tributario\/#primaryimage\"},\"thumbnailUrl\":\"https:\/\/uycadvisor.com\/wp-content\/uploads\/2021\/03\/Noticia-Reforma-Tributaria-Nicolas-Ulloa.jpg\",\"datePublished\":\"2024-03-20T22:17:23+00:00\",\"dateModified\":\"2024-03-20T22:27:18+00:00\",\"breadcrumb\":{\"@id\":\"https:\/\/uycadvisor.com\/seminario-proyecto-de-ley-de-cumplimiento-tributario\/#breadcrumb\"},\"inLanguage\":\"es\",\"potentialAction\":[{\"@type\":\"ReadAction\",\"target\":[\"https:\/\/uycadvisor.com\/seminario-proyecto-de-ley-de-cumplimiento-tributario\/\"]}]},{\"@type\":\"ImageObject\",\"inLanguage\":\"es\",\"@id\":\"https:\/\/uycadvisor.com\/seminario-proyecto-de-ley-de-cumplimiento-tributario\/#primaryimage\",\"url\":\"https:\/\/uycadvisor.com\/wp-content\/uploads\/2021\/03\/Noticia-Reforma-Tributaria-Nicolas-Ulloa.jpg\",\"contentUrl\":\"https:\/\/uycadvisor.com\/wp-content\/uploads\/2021\/03\/Noticia-Reforma-Tributaria-Nicolas-Ulloa.jpg\",\"width\":1900,\"height\":735},{\"@type\":\"BreadcrumbList\",\"@id\":\"https:\/\/uycadvisor.com\/seminario-proyecto-de-ley-de-cumplimiento-tributario\/#breadcrumb\",\"itemListElement\":[{\"@type\":\"ListItem\",\"position\":1,\"name\":\"Portada\",\"item\":\"https:\/\/uycadvisor.com\/\"},{\"@type\":\"ListItem\",\"position\":2,\"name\":\"Seminario \u00abProyecto de Ley de Cumplimiento Tributario\u201d\"}]},{\"@type\":\"WebSite\",\"@id\":\"https:\/\/uycadvisor.com\/#website\",\"url\":\"https:\/\/uycadvisor.com\/\",\"name\":\"Ulloa &amp; C\u00eda.\",\"description\":\"Somos especialistas en el \u00e1rea tributaria\",\"publisher\":{\"@id\":\"https:\/\/uycadvisor.com\/#organization\"},\"potentialAction\":[{\"@type\":\"SearchAction\",\"target\":{\"@type\":\"EntryPoint\",\"urlTemplate\":\"https:\/\/uycadvisor.com\/?s={search_term_string}\"},\"query-input\":{\"@type\":\"PropertyValueSpecification\",\"valueRequired\":true,\"valueName\":\"search_term_string\"}}],\"inLanguage\":\"es\"},{\"@type\":\"Organization\",\"@id\":\"https:\/\/uycadvisor.com\/#organization\",\"name\":\"Ulloa &amp; C\u00eda.\",\"url\":\"https:\/\/uycadvisor.com\/\",\"logo\":{\"@type\":\"ImageObject\",\"inLanguage\":\"es\",\"@id\":\"https:\/\/uycadvisor.com\/#\/schema\/logo\/image\/\",\"url\":\"https:\/\/uycadvisor.com\/wp-content\/uploads\/2024\/07\/Logo-BAJA.jpg\",\"contentUrl\":\"https:\/\/uycadvisor.com\/wp-content\/uploads\/2024\/07\/Logo-BAJA.jpg\",\"width\":398,\"height\":259,\"caption\":\"Ulloa &amp; C\u00eda.\"},\"image\":{\"@id\":\"https:\/\/uycadvisor.com\/#\/schema\/logo\/image\/\"}}]}<\/script>\n<!-- \/ Yoast SEO plugin. -->","yoast_head_json":{"title":"Seminario \"Proyecto de Ley de Cumplimiento Tributario\u201d - Ulloa &amp; C\u00eda.","robots":{"index":"index","follow":"follow","max-snippet":"max-snippet:-1","max-image-preview":"max-image-preview:large","max-video-preview":"max-video-preview:-1"},"canonical":"https:\/\/uycadvisor.com\/seminario-proyecto-de-ley-de-cumplimiento-tributario\/","og_locale":"es_ES","og_type":"article","og_title":"Seminario \"Proyecto de Ley de Cumplimiento Tributario\u201d - Ulloa &amp; C\u00eda.","og_description":"Seminarios 14 DE MARZO, 2024 VOLVER Seminario: Proyecto de Ley de Cumplimiento Tributario Hoy realizamos el Seminario \u201cProyecto de Ley de Cumplimiento Tributario\u201d con un desayuno en el Hyatt Centric y el objetivo de aproximarnos a los aspectos m\u00e1s relevantes del Proyecto de Ley de Cumplimiento de Obligaciones Tributarias, presentado por el Gobierno con el [&hellip;]","og_url":"https:\/\/uycadvisor.com\/seminario-proyecto-de-ley-de-cumplimiento-tributario\/","og_site_name":"Ulloa &amp; C\u00eda.","article_modified_time":"2024-03-20T22:27:18+00:00","og_image":[{"width":1900,"height":735,"url":"https:\/\/uycadvisor.com\/wp-content\/uploads\/2021\/03\/Noticia-Reforma-Tributaria-Nicolas-Ulloa.jpg","type":"image\/jpeg"}],"twitter_card":"summary_large_image","twitter_misc":{"Tiempo de lectura":"1 minuto"},"schema":{"@context":"https:\/\/schema.org","@graph":[{"@type":"WebPage","@id":"https:\/\/uycadvisor.com\/seminario-proyecto-de-ley-de-cumplimiento-tributario\/","url":"https:\/\/uycadvisor.com\/seminario-proyecto-de-ley-de-cumplimiento-tributario\/","name":"Seminario \"Proyecto de Ley de Cumplimiento Tributario\u201d - Ulloa &amp; C\u00eda.","isPartOf":{"@id":"https:\/\/uycadvisor.com\/#website"},"primaryImageOfPage":{"@id":"https:\/\/uycadvisor.com\/seminario-proyecto-de-ley-de-cumplimiento-tributario\/#primaryimage"},"image":{"@id":"https:\/\/uycadvisor.com\/seminario-proyecto-de-ley-de-cumplimiento-tributario\/#primaryimage"},"thumbnailUrl":"https:\/\/uycadvisor.com\/wp-content\/uploads\/2021\/03\/Noticia-Reforma-Tributaria-Nicolas-Ulloa.jpg","datePublished":"2024-03-20T22:17:23+00:00","dateModified":"2024-03-20T22:27:18+00:00","breadcrumb":{"@id":"https:\/\/uycadvisor.com\/seminario-proyecto-de-ley-de-cumplimiento-tributario\/#breadcrumb"},"inLanguage":"es","potentialAction":[{"@type":"ReadAction","target":["https:\/\/uycadvisor.com\/seminario-proyecto-de-ley-de-cumplimiento-tributario\/"]}]},{"@type":"ImageObject","inLanguage":"es","@id":"https:\/\/uycadvisor.com\/seminario-proyecto-de-ley-de-cumplimiento-tributario\/#primaryimage","url":"https:\/\/uycadvisor.com\/wp-content\/uploads\/2021\/03\/Noticia-Reforma-Tributaria-Nicolas-Ulloa.jpg","contentUrl":"https:\/\/uycadvisor.com\/wp-content\/uploads\/2021\/03\/Noticia-Reforma-Tributaria-Nicolas-Ulloa.jpg","width":1900,"height":735},{"@type":"BreadcrumbList","@id":"https:\/\/uycadvisor.com\/seminario-proyecto-de-ley-de-cumplimiento-tributario\/#breadcrumb","itemListElement":[{"@type":"ListItem","position":1,"name":"Portada","item":"https:\/\/uycadvisor.com\/"},{"@type":"ListItem","position":2,"name":"Seminario \u00abProyecto de Ley de Cumplimiento Tributario\u201d"}]},{"@type":"WebSite","@id":"https:\/\/uycadvisor.com\/#website","url":"https:\/\/uycadvisor.com\/","name":"Ulloa &amp; C\u00eda.","description":"Somos especialistas en el \u00e1rea tributaria","publisher":{"@id":"https:\/\/uycadvisor.com\/#organization"},"potentialAction":[{"@type":"SearchAction","target":{"@type":"EntryPoint","urlTemplate":"https:\/\/uycadvisor.com\/?s={search_term_string}"},"query-input":{"@type":"PropertyValueSpecification","valueRequired":true,"valueName":"search_term_string"}}],"inLanguage":"es"},{"@type":"Organization","@id":"https:\/\/uycadvisor.com\/#organization","name":"Ulloa &amp; C\u00eda.","url":"https:\/\/uycadvisor.com\/","logo":{"@type":"ImageObject","inLanguage":"es","@id":"https:\/\/uycadvisor.com\/#\/schema\/logo\/image\/","url":"https:\/\/uycadvisor.com\/wp-content\/uploads\/2024\/07\/Logo-BAJA.jpg","contentUrl":"https:\/\/uycadvisor.com\/wp-content\/uploads\/2024\/07\/Logo-BAJA.jpg","width":398,"height":259,"caption":"Ulloa &amp; C\u00eda."},"image":{"@id":"https:\/\/uycadvisor.com\/#\/schema\/logo\/image\/"}}]}},"_links":{"self":[{"href":"https:\/\/uycadvisor.com\/es\/wp-json\/wp\/v2\/pages\/3667","targetHints":{"allow":["GET"]}}],"collection":[{"href":"https:\/\/uycadvisor.com\/es\/wp-json\/wp\/v2\/pages"}],"about":[{"href":"https:\/\/uycadvisor.com\/es\/wp-json\/wp\/v2\/types\/page"}],"author":[{"embeddable":true,"href":"https:\/\/uycadvisor.com\/es\/wp-json\/wp\/v2\/users\/3"}],"replies":[{"embeddable":true,"href":"https:\/\/uycadvisor.com\/es\/wp-json\/wp\/v2\/comments?post=3667"}],"version-history":[{"count":7,"href":"https:\/\/uycadvisor.com\/es\/wp-json\/wp\/v2\/pages\/3667\/revisions"}],"predecessor-version":[{"id":3677,"href":"https:\/\/uycadvisor.com\/es\/wp-json\/wp\/v2\/pages\/3667\/revisions\/3677"}],"wp:featuredmedia":[{"embeddable":true,"href":"https:\/\/uycadvisor.com\/es\/wp-json\/wp\/v2\/media\/2451"}],"wp:attachment":[{"href":"https:\/\/uycadvisor.com\/es\/wp-json\/wp\/v2\/media?parent=3667"}],"curies":[{"name":"wp","href":"https:\/\/api.w.org\/{rel}","templated":true}]}}