{"id":3635,"date":"2024-03-12T17:54:17","date_gmt":"2024-03-12T20:54:17","guid":{"rendered":"https:\/\/uycadvisors.com\/?page_id=3635"},"modified":"2024-03-12T18:02:36","modified_gmt":"2024-03-12T21:02:36","slug":"gregorio-martinez","status":"publish","type":"page","link":"https:\/\/uycadvisor.com\/es\/gregorio-martinez\/","title":{"rendered":"Gregorio Mart\u00ednez"},"content":{"rendered":"\t\t<div data-elementor-type=\"wp-page\" data-elementor-id=\"3635\" class=\"elementor elementor-3635\" data-elementor-post-type=\"page\">\n\t\t\t\t\t\t<section class=\"elementor-section elementor-top-section elementor-element elementor-element-8de97a5 elementor-section-height-min-height elementor-section-boxed elementor-section-height-default elementor-section-items-middle\" data-id=\"8de97a5\" data-element_type=\"section\" data-settings=\"{&quot;background_background&quot;:&quot;classic&quot;}\">\n\t\t\t\t\t\t<div class=\"elementor-container elementor-column-gap-default\">\n\t\t\t\t\t<div class=\"elementor-column elementor-col-100 elementor-top-column elementor-element elementor-element-2de5e8c\" data-id=\"2de5e8c\" data-element_type=\"column\">\n\t\t\t<div class=\"elementor-widget-wrap elementor-element-populated\">\n\t\t\t\t\t\t<div class=\"elementor-element elementor-element-0fba135 elementor-widget elementor-widget-heading\" data-id=\"0fba135\" data-element_type=\"widget\" data-widget_type=\"heading.default\">\n\t\t\t\t<div class=\"elementor-widget-container\">\n\t\t\t\t\t<h2 class=\"elementor-heading-title elementor-size-default\">Nuestro equipo<\/h2>\t\t\t\t<\/div>\n\t\t\t\t<\/div>\n\t\t\t\t<div class=\"elementor-element elementor-element-3c5b383 elementor-widget elementor-widget-text-editor\" data-id=\"3c5b383\" data-element_type=\"widget\" data-widget_type=\"text-editor.default\">\n\t\t\t\t<div class=\"elementor-widget-container\">\n\t\t\t\t\t\t\t\t\t<p>Nuestros profesionales, son un equipo de talento especializado, que cuenta con una s\u00f3lida formaci\u00f3n jur\u00eddica y econ\u00f3mica. Entregan un asesoramiento de m\u00e1xima calidad, en cualquier sector y l\u00ednea generacional en la que se encuentren nuestros clientes.<\/p><p><\/p>\t\t\t\t\t\t\t\t<\/div>\n\t\t\t\t<\/div>\n\t\t\t\t<div class=\"elementor-element elementor-element-c38671e elementor-absolute elementor-hidden-phone elementor-widget-divider--view-line elementor-widget elementor-widget-divider\" data-id=\"c38671e\" data-element_type=\"widget\" data-settings=\"{&quot;_position&quot;:&quot;absolute&quot;}\" data-widget_type=\"divider.default\">\n\t\t\t\t<div class=\"elementor-widget-container\">\n\t\t\t\t\t\t\t<div class=\"elementor-divider\">\n\t\t\t<span class=\"elementor-divider-separator\">\n\t\t\t\t\t\t<\/span>\n\t\t<\/div>\n\t\t\t\t\t\t<\/div>\n\t\t\t\t<\/div>\n\t\t\t\t\t<\/div>\n\t\t<\/div>\n\t\t\t\t\t<\/div>\n\t\t<\/section>\n\t\t\t\t<section class=\"elementor-section elementor-top-section elementor-element elementor-element-249d910d elementor-section-boxed elementor-section-height-default elementor-section-height-default\" data-id=\"249d910d\" data-element_type=\"section\" data-settings=\"{&quot;background_background&quot;:&quot;classic&quot;}\">\n\t\t\t\t\t\t<div class=\"elementor-container elementor-column-gap-default\">\n\t\t\t\t\t<div class=\"elementor-column elementor-col-33 elementor-top-column elementor-element elementor-element-1cdac0c2\" data-id=\"1cdac0c2\" data-element_type=\"column\">\n\t\t\t<div class=\"elementor-widget-wrap elementor-element-populated\">\n\t\t\t\t\t\t<div class=\"elementor-element elementor-element-3c975bb2 elementor-widget elementor-widget-image\" data-id=\"3c975bb2\" data-element_type=\"widget\" data-widget_type=\"image.default\">\n\t\t\t\t<div class=\"elementor-widget-container\">\n\t\t\t\t\t\t\t\t\t\t\t\t\t\t\t<img fetchpriority=\"high\" decoding=\"async\" width=\"600\" height=\"738\" src=\"https:\/\/uycadvisor.com\/wp-content\/uploads\/2024\/03\/gregorio-martinez-uycia.jpg\" class=\"attachment-large size-large wp-image-3633\" alt=\"\" srcset=\"https:\/\/uycadvisor.com\/wp-content\/uploads\/2024\/03\/gregorio-martinez-uycia.jpg 600w, https:\/\/uycadvisor.com\/wp-content\/uploads\/2024\/03\/gregorio-martinez-uycia-244x300.jpg 244w\" sizes=\"(max-width: 600px) 100vw, 600px\" \/>\t\t\t\t\t\t\t\t\t\t\t\t\t\t\t<\/div>\n\t\t\t\t<\/div>\n\t\t\t\t<div class=\"elementor-element elementor-element-48329b75 elementor-widget elementor-widget-heading\" data-id=\"48329b75\" data-element_type=\"widget\" data-widget_type=\"heading.default\">\n\t\t\t\t<div class=\"elementor-widget-container\">\n\t\t\t\t\t<h5 class=\"elementor-heading-title elementor-size-default\">Gregorio Mart\u00ednez<\/h5>\t\t\t\t<\/div>\n\t\t\t\t<\/div>\n\t\t\t\t<div class=\"elementor-element elementor-element-0465ae7 elementor-widget elementor-widget-text-editor\" data-id=\"0465ae7\" data-element_type=\"widget\" data-widget_type=\"text-editor.default\">\n\t\t\t\t<div class=\"elementor-widget-container\">\n\t\t\t\t\t\t\t\t\t<p>DIRECTOR<\/p>\t\t\t\t\t\t\t\t<\/div>\n\t\t\t\t<\/div>\n\t\t\t\t<div class=\"elementor-element elementor-element-3e32b877 elementor-icon-list--layout-traditional elementor-list-item-link-full_width elementor-widget elementor-widget-icon-list\" data-id=\"3e32b877\" data-element_type=\"widget\" data-widget_type=\"icon-list.default\">\n\t\t\t\t<div class=\"elementor-widget-container\">\n\t\t\t\t\t\t\t<ul class=\"elementor-icon-list-items\">\n\t\t\t\t\t\t\t<li class=\"elementor-icon-list-item\">\n\t\t\t\t\t\t\t\t\t\t\t<a href=\"mailto:gmartinez@uycia.cl\">\n\n\t\t\t\t\t\t\t\t\t\t\t<span class=\"elementor-icon-list-text\">Mail: gmartinez@uycia.cl<\/span>\n\t\t\t\t\t\t\t\t\t\t\t<\/a>\n\t\t\t\t\t\t\t\t\t<\/li>\n\t\t\t\t\t\t\t\t<li class=\"elementor-icon-list-item\">\n\t\t\t\t\t\t\t\t\t\t\t<a href=\"tel:+56232246300\">\n\n\t\t\t\t\t\t\t\t\t\t\t<span class=\"elementor-icon-list-text\">Tel: +56 2 3224 6300<\/span>\n\t\t\t\t\t\t\t\t\t\t\t<\/a>\n\t\t\t\t\t\t\t\t\t<\/li>\n\t\t\t\t\t\t\t\t<li class=\"elementor-icon-list-item\">\n\t\t\t\t\t\t\t\t\t\t<span class=\"elementor-icon-list-text\">Oficina de Santiago <\/span>\n\t\t\t\t\t\t\t\t\t<\/li>\n\t\t\t\t\t\t<\/ul>\n\t\t\t\t\t\t<\/div>\n\t\t\t\t<\/div>\n\t\t\t\t\t<\/div>\n\t\t<\/div>\n\t\t\t\t<div class=\"elementor-column elementor-col-66 elementor-top-column elementor-element elementor-element-3e58135b\" data-id=\"3e58135b\" data-element_type=\"column\" data-settings=\"{&quot;background_background&quot;:&quot;classic&quot;}\">\n\t\t\t<div class=\"elementor-widget-wrap elementor-element-populated\">\n\t\t\t\t\t\t<div class=\"elementor-element elementor-element-1d6ed347 elementor-widget elementor-widget-heading\" data-id=\"1d6ed347\" data-element_type=\"widget\" data-widget_type=\"heading.default\">\n\t\t\t\t<div class=\"elementor-widget-container\">\n\t\t\t\t\t<h2 class=\"elementor-heading-title elementor-size-default\">Gregorio Mart\u00ednez<\/h2>\t\t\t\t<\/div>\n\t\t\t\t<\/div>\n\t\t\t\t<div class=\"elementor-element elementor-element-221234dd elementor-widget elementor-widget-heading\" data-id=\"221234dd\" data-element_type=\"widget\" data-widget_type=\"heading.default\">\n\t\t\t\t<div class=\"elementor-widget-container\">\n\t\t\t\t\t<div class=\"elementor-heading-title elementor-size-default\">DIRECTOR<\/div>\t\t\t\t<\/div>\n\t\t\t\t<\/div>\n\t\t\t\t<div class=\"elementor-element elementor-element-5d783db7 elementor-widget elementor-widget-text-editor\" data-id=\"5d783db7\" data-element_type=\"widget\" data-widget_type=\"text-editor.default\">\n\t\t\t\t<div class=\"elementor-widget-container\">\n\t\t\t\t\t\t\t\t\t<p><strong>Abogado especializado en tributaci\u00f3n nacional e internacional.<br \/><\/strong>Asesora a empresas y a grupos familiares en temas de estructura en Chile y el extranjero, reorganizaciones empresariales y patrimoniales, transferencia de activos, entre otros. Adem\u00e1s, cuenta con vasta experiencia en tributaci\u00f3n internacional.<\/p><p>Se incorpor\u00f3 al equipo de Ulloa &amp; C\u00eda\u00a0\u00a0el a\u00f1o 2024.<\/p><p><strong>Especialidades <br \/><\/strong>\u2013 Consultor\u00eda y Reorganizaci\u00f3n Tributaria Nacional e Internacional.<br \/>\u2013 Estructuraci\u00f3n de negocios familiares y estructuras de gobierno corporativo.<\/p><p><strong>Experiencia<br \/><\/strong>\u2013 Trabaj\u00f3 en PwC B\u00e9lgica, en el \u00e1rea tributaria (2022 &#8211; 2024).<br \/>\u2013 Anteriormente trabaj\u00f3 en PwC Chile, por m\u00e1s de 10 a\u00f1os (2012 &#8211; 2022).<\/p><p><strong>Formaci\u00f3n <br \/><\/strong>\u2013 Licenciado en Derecho y Abogado, Pontificia Universidad Cat\u00f3lica de Chile (2008).<br \/>\u2013 Master en Derecho Tributario, Universidad de Chile (2015).<br \/>\u2013 Idioma: espa\u00f1ol e ingl\u00e9s.<\/p>\t\t\t\t\t\t\t\t<\/div>\n\t\t\t\t<\/div>\n\t\t\t\t\t<\/div>\n\t\t<\/div>\n\t\t\t\t\t<\/div>\n\t\t<\/section>\n\t\t\t\t<section class=\"elementor-section elementor-top-section elementor-element elementor-element-60f25ab elementor-section-boxed elementor-section-height-default elementor-section-height-default\" data-id=\"60f25ab\" data-element_type=\"section\">\n\t\t\t\t\t\t<div class=\"elementor-container elementor-column-gap-default\">\n\t\t\t\t\t<div class=\"elementor-column elementor-col-33 elementor-top-column elementor-element elementor-element-7ec3ff4\" data-id=\"7ec3ff4\" data-element_type=\"column\">\n\t\t\t<div class=\"elementor-widget-wrap\">\n\t\t\t\t\t\t\t<\/div>\n\t\t<\/div>\n\t\t\t\t<div class=\"elementor-column elementor-col-33 elementor-top-column elementor-element elementor-element-6c10bce\" data-id=\"6c10bce\" data-element_type=\"column\">\n\t\t\t<div class=\"elementor-widget-wrap elementor-element-populated\">\n\t\t\t\t\t\t<div class=\"elementor-element elementor-element-4e2902b elementor-widget elementor-widget-heading\" data-id=\"4e2902b\" data-element_type=\"widget\" data-widget_type=\"heading.default\">\n\t\t\t\t<div class=\"elementor-widget-container\">\n\t\t\t\t\t<h2 class=\"elementor-heading-title elementor-size-default\"><a href=\"http:\/\/uycadvisors.com\/equipo\/\" style=\"color:#575757\">TODOS <\/a>    |      <a href=\"http:\/\/uycadvisors.com\/equipo\/\" style=\"color:#575757\">SOCIOS<\/a>     |      <a href=\"http:\/\/uycadvisors.com\/equipo\/\" style=\"color:#575757\">ABOGADOS<\/a>     |      <a href=\"http:\/\/uycadvisors.com\/equipo\/\" style=\"color:#575757\">AUDITORES<\/a><\/h2>\t\t\t\t<\/div>\n\t\t\t\t<\/div>\n\t\t\t\t\t<\/div>\n\t\t<\/div>\n\t\t\t\t<div class=\"elementor-column elementor-col-33 elementor-top-column elementor-element elementor-element-c78dc5c\" data-id=\"c78dc5c\" data-element_type=\"column\">\n\t\t\t<div class=\"elementor-widget-wrap elementor-element-populated\">\n\t\t\t\t\t\t<div class=\"elementor-element elementor-element-41c3bd9 elementor-mobile-align-center elementor-widget elementor-widget-button\" data-id=\"41c3bd9\" data-element_type=\"widget\" data-widget_type=\"button.default\">\n\t\t\t\t<div class=\"elementor-widget-container\">\n\t\t\t\t\t\t\t\t\t<div class=\"elementor-button-wrapper\">\n\t\t\t\t\t<a class=\"elementor-button elementor-button-link elementor-size-sm\" href=\"https:\/\/uycadvisors.com\/bernardita-vercellino\/\">\n\t\t\t\t\t\t<span class=\"elementor-button-content-wrapper\">\n\t\t\t\t\t\t<span class=\"elementor-button-icon\">\n\t\t\t\t<i aria-hidden=\"true\" class=\"fas fa-arrow-right\"><\/i>\t\t\t<\/span>\n\t\t\t\t\t\t\t\t\t<span class=\"elementor-button-text\"> SIGUIENTE<\/span>\n\t\t\t\t\t<\/span>\n\t\t\t\t\t<\/a>\n\t\t\t\t<\/div>\n\t\t\t\t\t\t\t\t<\/div>\n\t\t\t\t<\/div>\n\t\t\t\t\t<\/div>\n\t\t<\/div>\n\t\t\t\t\t<\/div>\n\t\t<\/section>\n\t\t\t\t<\/div>\n\t\t","protected":false},"excerpt":{"rendered":"<p>Nuestro equipo Nuestros profesionales, son un equipo de talento especializado, que cuenta con una s\u00f3lida formaci\u00f3n jur\u00eddica y econ\u00f3mica. Entregan un asesoramiento de m\u00e1xima calidad, en cualquier sector y l\u00ednea generacional en la que se encuentren nuestros clientes. Gregorio Mart\u00ednez DIRECTOR Mail: gmartinez@uycia.cl Tel: +56 2 3224 6300 Oficina de Santiago Gregorio Mart\u00ednez DIRECTOR Abogado [&hellip;]<\/p>\n","protected":false},"author":3,"featured_media":0,"parent":0,"menu_order":0,"comment_status":"closed","ping_status":"closed","template":"elementor_header_footer","meta":{"om_disable_all_campaigns":false,"_monsterinsights_skip_tracking":false,"_monsterinsights_sitenote_active":false,"_monsterinsights_sitenote_note":"","_monsterinsights_sitenote_category":0,"footnotes":""},"class_list":["post-3635","page","type-page","status-publish","hentry"],"yoast_head":"<!-- This site is optimized with the Yoast SEO plugin v25.9 - https:\/\/yoast.com\/wordpress\/plugins\/seo\/ -->\n<title>Abogado Gregorio Mart\u00ednez - Ulloa &amp; C\u00eda.<\/title>\n<meta name=\"description\" content=\"Abogado especializado en el \u00e1rea tributaria. Centra su pr\u00e1ctica en la defensa de contribuyentes en temas asociados a esta materia.\" \/>\n<meta name=\"robots\" content=\"index, follow, max-snippet:-1, max-image-preview:large, max-video-preview:-1\" \/>\n<link rel=\"canonical\" href=\"https:\/\/uycadvisor.com\/gregorio-martinez\/\" \/>\n<meta property=\"og:locale\" content=\"es_ES\" \/>\n<meta property=\"og:type\" content=\"article\" \/>\n<meta property=\"og:title\" content=\"Abogado Gregorio Mart\u00ednez - Ulloa &amp; C\u00eda.\" \/>\n<meta property=\"og:description\" content=\"Abogado especializado en el \u00e1rea tributaria. Centra su pr\u00e1ctica en la defensa de contribuyentes en temas asociados a esta materia.\" \/>\n<meta property=\"og:url\" content=\"https:\/\/uycadvisor.com\/gregorio-martinez\/\" \/>\n<meta property=\"og:site_name\" content=\"Ulloa &amp; C\u00eda.\" \/>\n<meta property=\"article:modified_time\" content=\"2024-03-12T21:02:36+00:00\" \/>\n<meta property=\"og:image\" content=\"http:\/\/uycadvisors.com\/wp-content\/uploads\/2024\/03\/gregorio-martinez-uycia.jpg\" \/>\n<meta name=\"twitter:card\" content=\"summary_large_image\" \/>\n<meta name=\"twitter:label1\" content=\"Tiempo de lectura\" \/>\n\t<meta name=\"twitter:data1\" content=\"2 minutos\" \/>\n<script type=\"application\/ld+json\" class=\"yoast-schema-graph\">{\"@context\":\"https:\/\/schema.org\",\"@graph\":[{\"@type\":\"WebPage\",\"@id\":\"https:\/\/uycadvisor.com\/gregorio-martinez\/\",\"url\":\"https:\/\/uycadvisor.com\/gregorio-martinez\/\",\"name\":\"Abogado Gregorio Mart\u00ednez - Ulloa &amp; C\u00eda.\",\"isPartOf\":{\"@id\":\"https:\/\/uycadvisor.com\/#website\"},\"primaryImageOfPage\":{\"@id\":\"https:\/\/uycadvisor.com\/gregorio-martinez\/#primaryimage\"},\"image\":{\"@id\":\"https:\/\/uycadvisor.com\/gregorio-martinez\/#primaryimage\"},\"thumbnailUrl\":\"http:\/\/uycadvisors.com\/wp-content\/uploads\/2024\/03\/gregorio-martinez-uycia.jpg\",\"datePublished\":\"2024-03-12T20:54:17+00:00\",\"dateModified\":\"2024-03-12T21:02:36+00:00\",\"description\":\"Abogado especializado en el \u00e1rea tributaria. Centra su pr\u00e1ctica en la defensa de contribuyentes en temas asociados a esta materia.\",\"breadcrumb\":{\"@id\":\"https:\/\/uycadvisor.com\/gregorio-martinez\/#breadcrumb\"},\"inLanguage\":\"es\",\"potentialAction\":[{\"@type\":\"ReadAction\",\"target\":[\"https:\/\/uycadvisor.com\/gregorio-martinez\/\"]}]},{\"@type\":\"ImageObject\",\"inLanguage\":\"es\",\"@id\":\"https:\/\/uycadvisor.com\/gregorio-martinez\/#primaryimage\",\"url\":\"http:\/\/uycadvisors.com\/wp-content\/uploads\/2024\/03\/gregorio-martinez-uycia.jpg\",\"contentUrl\":\"http:\/\/uycadvisors.com\/wp-content\/uploads\/2024\/03\/gregorio-martinez-uycia.jpg\"},{\"@type\":\"BreadcrumbList\",\"@id\":\"https:\/\/uycadvisor.com\/gregorio-martinez\/#breadcrumb\",\"itemListElement\":[{\"@type\":\"ListItem\",\"position\":1,\"name\":\"Portada\",\"item\":\"https:\/\/uycadvisor.com\/\"},{\"@type\":\"ListItem\",\"position\":2,\"name\":\"Gregorio Mart\u00ednez\"}]},{\"@type\":\"WebSite\",\"@id\":\"https:\/\/uycadvisor.com\/#website\",\"url\":\"https:\/\/uycadvisor.com\/\",\"name\":\"Ulloa &amp; C\u00eda.\",\"description\":\"Somos especialistas en el \u00e1rea tributaria\",\"publisher\":{\"@id\":\"https:\/\/uycadvisor.com\/#organization\"},\"potentialAction\":[{\"@type\":\"SearchAction\",\"target\":{\"@type\":\"EntryPoint\",\"urlTemplate\":\"https:\/\/uycadvisor.com\/?s={search_term_string}\"},\"query-input\":{\"@type\":\"PropertyValueSpecification\",\"valueRequired\":true,\"valueName\":\"search_term_string\"}}],\"inLanguage\":\"es\"},{\"@type\":\"Organization\",\"@id\":\"https:\/\/uycadvisor.com\/#organization\",\"name\":\"Ulloa &amp; C\u00eda.\",\"url\":\"https:\/\/uycadvisor.com\/\",\"logo\":{\"@type\":\"ImageObject\",\"inLanguage\":\"es\",\"@id\":\"https:\/\/uycadvisor.com\/#\/schema\/logo\/image\/\",\"url\":\"https:\/\/uycadvisor.com\/wp-content\/uploads\/2024\/07\/Logo-BAJA.jpg\",\"contentUrl\":\"https:\/\/uycadvisor.com\/wp-content\/uploads\/2024\/07\/Logo-BAJA.jpg\",\"width\":398,\"height\":259,\"caption\":\"Ulloa &amp; C\u00eda.\"},\"image\":{\"@id\":\"https:\/\/uycadvisor.com\/#\/schema\/logo\/image\/\"}}]}<\/script>\n<!-- \/ Yoast SEO plugin. -->","yoast_head_json":{"title":"Abogado Gregorio Mart\u00ednez - Ulloa &amp; C\u00eda.","description":"Abogado especializado en el \u00e1rea tributaria. Centra su pr\u00e1ctica en la defensa de contribuyentes en temas asociados a esta materia.","robots":{"index":"index","follow":"follow","max-snippet":"max-snippet:-1","max-image-preview":"max-image-preview:large","max-video-preview":"max-video-preview:-1"},"canonical":"https:\/\/uycadvisor.com\/gregorio-martinez\/","og_locale":"es_ES","og_type":"article","og_title":"Abogado Gregorio Mart\u00ednez - Ulloa &amp; C\u00eda.","og_description":"Abogado especializado en el \u00e1rea tributaria. Centra su pr\u00e1ctica en la defensa de contribuyentes en temas asociados a esta materia.","og_url":"https:\/\/uycadvisor.com\/gregorio-martinez\/","og_site_name":"Ulloa &amp; C\u00eda.","article_modified_time":"2024-03-12T21:02:36+00:00","og_image":[{"url":"http:\/\/uycadvisors.com\/wp-content\/uploads\/2024\/03\/gregorio-martinez-uycia.jpg","type":"","width":"","height":""}],"twitter_card":"summary_large_image","twitter_misc":{"Tiempo de lectura":"2 minutos"},"schema":{"@context":"https:\/\/schema.org","@graph":[{"@type":"WebPage","@id":"https:\/\/uycadvisor.com\/gregorio-martinez\/","url":"https:\/\/uycadvisor.com\/gregorio-martinez\/","name":"Abogado Gregorio Mart\u00ednez - Ulloa &amp; C\u00eda.","isPartOf":{"@id":"https:\/\/uycadvisor.com\/#website"},"primaryImageOfPage":{"@id":"https:\/\/uycadvisor.com\/gregorio-martinez\/#primaryimage"},"image":{"@id":"https:\/\/uycadvisor.com\/gregorio-martinez\/#primaryimage"},"thumbnailUrl":"http:\/\/uycadvisors.com\/wp-content\/uploads\/2024\/03\/gregorio-martinez-uycia.jpg","datePublished":"2024-03-12T20:54:17+00:00","dateModified":"2024-03-12T21:02:36+00:00","description":"Abogado especializado en el \u00e1rea tributaria. Centra su pr\u00e1ctica en la defensa de contribuyentes en temas asociados a esta materia.","breadcrumb":{"@id":"https:\/\/uycadvisor.com\/gregorio-martinez\/#breadcrumb"},"inLanguage":"es","potentialAction":[{"@type":"ReadAction","target":["https:\/\/uycadvisor.com\/gregorio-martinez\/"]}]},{"@type":"ImageObject","inLanguage":"es","@id":"https:\/\/uycadvisor.com\/gregorio-martinez\/#primaryimage","url":"http:\/\/uycadvisors.com\/wp-content\/uploads\/2024\/03\/gregorio-martinez-uycia.jpg","contentUrl":"http:\/\/uycadvisors.com\/wp-content\/uploads\/2024\/03\/gregorio-martinez-uycia.jpg"},{"@type":"BreadcrumbList","@id":"https:\/\/uycadvisor.com\/gregorio-martinez\/#breadcrumb","itemListElement":[{"@type":"ListItem","position":1,"name":"Portada","item":"https:\/\/uycadvisor.com\/"},{"@type":"ListItem","position":2,"name":"Gregorio Mart\u00ednez"}]},{"@type":"WebSite","@id":"https:\/\/uycadvisor.com\/#website","url":"https:\/\/uycadvisor.com\/","name":"Ulloa &amp; C\u00eda.","description":"Somos especialistas en el \u00e1rea tributaria","publisher":{"@id":"https:\/\/uycadvisor.com\/#organization"},"potentialAction":[{"@type":"SearchAction","target":{"@type":"EntryPoint","urlTemplate":"https:\/\/uycadvisor.com\/?s={search_term_string}"},"query-input":{"@type":"PropertyValueSpecification","valueRequired":true,"valueName":"search_term_string"}}],"inLanguage":"es"},{"@type":"Organization","@id":"https:\/\/uycadvisor.com\/#organization","name":"Ulloa &amp; C\u00eda.","url":"https:\/\/uycadvisor.com\/","logo":{"@type":"ImageObject","inLanguage":"es","@id":"https:\/\/uycadvisor.com\/#\/schema\/logo\/image\/","url":"https:\/\/uycadvisor.com\/wp-content\/uploads\/2024\/07\/Logo-BAJA.jpg","contentUrl":"https:\/\/uycadvisor.com\/wp-content\/uploads\/2024\/07\/Logo-BAJA.jpg","width":398,"height":259,"caption":"Ulloa &amp; C\u00eda."},"image":{"@id":"https:\/\/uycadvisor.com\/#\/schema\/logo\/image\/"}}]}},"_links":{"self":[{"href":"https:\/\/uycadvisor.com\/es\/wp-json\/wp\/v2\/pages\/3635","targetHints":{"allow":["GET"]}}],"collection":[{"href":"https:\/\/uycadvisor.com\/es\/wp-json\/wp\/v2\/pages"}],"about":[{"href":"https:\/\/uycadvisor.com\/es\/wp-json\/wp\/v2\/types\/page"}],"author":[{"embeddable":true,"href":"https:\/\/uycadvisor.com\/es\/wp-json\/wp\/v2\/users\/3"}],"replies":[{"embeddable":true,"href":"https:\/\/uycadvisor.com\/es\/wp-json\/wp\/v2\/comments?post=3635"}],"version-history":[{"count":7,"href":"https:\/\/uycadvisor.com\/es\/wp-json\/wp\/v2\/pages\/3635\/revisions"}],"predecessor-version":[{"id":3645,"href":"https:\/\/uycadvisor.com\/es\/wp-json\/wp\/v2\/pages\/3635\/revisions\/3645"}],"wp:attachment":[{"href":"https:\/\/uycadvisor.com\/es\/wp-json\/wp\/v2\/media?parent=3635"}],"curies":[{"name":"wp","href":"https:\/\/api.w.org\/{rel}","templated":true}]}}