{"id":3319,"date":"2023-09-07T12:06:05","date_gmt":"2023-09-07T15:06:05","guid":{"rendered":"https:\/\/uycadvisors.com\/?page_id=3319"},"modified":"2023-11-08T14:13:29","modified_gmt":"2023-11-08T17:13:29","slug":"gaspar-bravo","status":"publish","type":"page","link":"https:\/\/uycadvisor.com\/es\/gaspar-bravo\/","title":{"rendered":"Gaspar Bravo"},"content":{"rendered":"\t\t<div data-elementor-type=\"wp-page\" data-elementor-id=\"3319\" class=\"elementor elementor-3319\" data-elementor-post-type=\"page\">\n\t\t\t\t\t\t<section class=\"elementor-section elementor-top-section elementor-element elementor-element-bc1dd89 elementor-section-height-min-height elementor-section-boxed elementor-section-height-default elementor-section-items-middle\" data-id=\"bc1dd89\" data-element_type=\"section\" data-settings=\"{&quot;background_background&quot;:&quot;classic&quot;}\">\n\t\t\t\t\t\t<div class=\"elementor-container elementor-column-gap-default\">\n\t\t\t\t\t<div class=\"elementor-column elementor-col-100 elementor-top-column elementor-element elementor-element-21a63f7\" data-id=\"21a63f7\" data-element_type=\"column\">\n\t\t\t<div class=\"elementor-widget-wrap elementor-element-populated\">\n\t\t\t\t\t\t<div class=\"elementor-element elementor-element-f140eed elementor-widget elementor-widget-heading\" data-id=\"f140eed\" data-element_type=\"widget\" data-widget_type=\"heading.default\">\n\t\t\t\t<div class=\"elementor-widget-container\">\n\t\t\t\t\t<h2 class=\"elementor-heading-title elementor-size-default\">Nuestro equipo<\/h2>\t\t\t\t<\/div>\n\t\t\t\t<\/div>\n\t\t\t\t<div class=\"elementor-element elementor-element-d911001 elementor-widget elementor-widget-text-editor\" data-id=\"d911001\" data-element_type=\"widget\" data-widget_type=\"text-editor.default\">\n\t\t\t\t<div class=\"elementor-widget-container\">\n\t\t\t\t\t\t\t\t\t<p>Nuestros profesionales, son un equipo de talento especializado, que cuenta con una s\u00f3lida formaci\u00f3n jur\u00eddica y econ\u00f3mica. Entregan un asesoramiento de m\u00e1xima calidad, en cualquier sector y l\u00ednea generacional en la que se encuentren nuestros clientes.<\/p><p><\/p>\t\t\t\t\t\t\t\t<\/div>\n\t\t\t\t<\/div>\n\t\t\t\t<div class=\"elementor-element elementor-element-df69d1e elementor-absolute elementor-hidden-phone elementor-widget-divider--view-line elementor-widget elementor-widget-divider\" data-id=\"df69d1e\" data-element_type=\"widget\" data-settings=\"{&quot;_position&quot;:&quot;absolute&quot;}\" data-widget_type=\"divider.default\">\n\t\t\t\t<div class=\"elementor-widget-container\">\n\t\t\t\t\t\t\t<div class=\"elementor-divider\">\n\t\t\t<span class=\"elementor-divider-separator\">\n\t\t\t\t\t\t<\/span>\n\t\t<\/div>\n\t\t\t\t\t\t<\/div>\n\t\t\t\t<\/div>\n\t\t\t\t\t<\/div>\n\t\t<\/div>\n\t\t\t\t\t<\/div>\n\t\t<\/section>\n\t\t\t\t<section class=\"elementor-section elementor-top-section elementor-element elementor-element-39d4b51b elementor-section-boxed elementor-section-height-default elementor-section-height-default\" data-id=\"39d4b51b\" data-element_type=\"section\" data-settings=\"{&quot;background_background&quot;:&quot;classic&quot;}\">\n\t\t\t\t\t\t<div class=\"elementor-container elementor-column-gap-default\">\n\t\t\t\t\t<div class=\"elementor-column elementor-col-33 elementor-top-column elementor-element elementor-element-58453a5f\" data-id=\"58453a5f\" data-element_type=\"column\">\n\t\t\t<div class=\"elementor-widget-wrap elementor-element-populated\">\n\t\t\t\t\t\t<div class=\"elementor-element elementor-element-7714ab82 elementor-widget elementor-widget-image\" data-id=\"7714ab82\" data-element_type=\"widget\" data-widget_type=\"image.default\">\n\t\t\t\t<div class=\"elementor-widget-container\">\n\t\t\t\t\t\t\t\t\t\t\t\t\t\t\t<img fetchpriority=\"high\" decoding=\"async\" width=\"600\" height=\"738\" src=\"https:\/\/uycadvisor.com\/wp-content\/uploads\/2023\/09\/Gaspar-Bravo.jpg\" class=\"attachment-large size-large wp-image-3321\" alt=\"\" srcset=\"https:\/\/uycadvisor.com\/wp-content\/uploads\/2023\/09\/Gaspar-Bravo.jpg 600w, https:\/\/uycadvisor.com\/wp-content\/uploads\/2023\/09\/Gaspar-Bravo-244x300.jpg 244w\" sizes=\"(max-width: 600px) 100vw, 600px\" \/>\t\t\t\t\t\t\t\t\t\t\t\t\t\t\t<\/div>\n\t\t\t\t<\/div>\n\t\t\t\t<div class=\"elementor-element elementor-element-5fc0581a elementor-widget elementor-widget-heading\" data-id=\"5fc0581a\" data-element_type=\"widget\" data-widget_type=\"heading.default\">\n\t\t\t\t<div class=\"elementor-widget-container\">\n\t\t\t\t\t<h5 class=\"elementor-heading-title elementor-size-default\">Gaspar Bravo<\/h5>\t\t\t\t<\/div>\n\t\t\t\t<\/div>\n\t\t\t\t<div class=\"elementor-element elementor-element-da72593 elementor-widget elementor-widget-text-editor\" data-id=\"da72593\" data-element_type=\"widget\" data-widget_type=\"text-editor.default\">\n\t\t\t\t<div class=\"elementor-widget-container\">\n\t\t\t\t\t\t\t\t\t<p>ABOGADO<\/p>\t\t\t\t\t\t\t\t<\/div>\n\t\t\t\t<\/div>\n\t\t\t\t<div class=\"elementor-element elementor-element-4907b71f elementor-icon-list--layout-traditional elementor-list-item-link-full_width elementor-widget elementor-widget-icon-list\" data-id=\"4907b71f\" data-element_type=\"widget\" data-widget_type=\"icon-list.default\">\n\t\t\t\t<div class=\"elementor-widget-container\">\n\t\t\t\t\t\t\t<ul class=\"elementor-icon-list-items\">\n\t\t\t\t\t\t\t<li class=\"elementor-icon-list-item\">\n\t\t\t\t\t\t\t\t\t\t\t<a href=\"mailto:gbravo@uycia.cl\">\n\n\t\t\t\t\t\t\t\t\t\t\t<span class=\"elementor-icon-list-text\">Mail: gbravo@uycia.cl<\/span>\n\t\t\t\t\t\t\t\t\t\t\t<\/a>\n\t\t\t\t\t\t\t\t\t<\/li>\n\t\t\t\t\t\t\t\t<li class=\"elementor-icon-list-item\">\n\t\t\t\t\t\t\t\t\t\t\t<a href=\"tel:+56232246300\">\n\n\t\t\t\t\t\t\t\t\t\t\t<span class=\"elementor-icon-list-text\"> Tel: +56 2 3224 6300<\/span>\n\t\t\t\t\t\t\t\t\t\t\t<\/a>\n\t\t\t\t\t\t\t\t\t<\/li>\n\t\t\t\t\t\t\t\t<li class=\"elementor-icon-list-item\">\n\t\t\t\t\t\t\t\t\t\t<span class=\"elementor-icon-list-text\"> Oficina de Santiago <\/span>\n\t\t\t\t\t\t\t\t\t<\/li>\n\t\t\t\t\t\t<\/ul>\n\t\t\t\t\t\t<\/div>\n\t\t\t\t<\/div>\n\t\t\t\t\t<\/div>\n\t\t<\/div>\n\t\t\t\t<div class=\"elementor-column elementor-col-66 elementor-top-column elementor-element elementor-element-2e0d2faf\" data-id=\"2e0d2faf\" data-element_type=\"column\" data-settings=\"{&quot;background_background&quot;:&quot;classic&quot;}\">\n\t\t\t<div class=\"elementor-widget-wrap elementor-element-populated\">\n\t\t\t\t\t\t<div class=\"elementor-element elementor-element-5923792c elementor-widget elementor-widget-heading\" data-id=\"5923792c\" data-element_type=\"widget\" data-widget_type=\"heading.default\">\n\t\t\t\t<div class=\"elementor-widget-container\">\n\t\t\t\t\t<h2 class=\"elementor-heading-title elementor-size-default\">Gaspar Bravo<\/h2>\t\t\t\t<\/div>\n\t\t\t\t<\/div>\n\t\t\t\t<div class=\"elementor-element elementor-element-72a20f03 elementor-widget elementor-widget-heading\" data-id=\"72a20f03\" data-element_type=\"widget\" data-widget_type=\"heading.default\">\n\t\t\t\t<div class=\"elementor-widget-container\">\n\t\t\t\t\t<div class=\"elementor-heading-title elementor-size-default\">ABOGADO<\/div>\t\t\t\t<\/div>\n\t\t\t\t<\/div>\n\t\t\t\t<div class=\"elementor-element elementor-element-56e74bd8 elementor-widget elementor-widget-text-editor\" data-id=\"56e74bd8\" data-element_type=\"widget\" data-widget_type=\"text-editor.default\">\n\t\t\t\t<div class=\"elementor-widget-container\">\n\t\t\t\t\t\t\t\t\t<p><strong>Abogado especializado en el \u00e1rea tributaria.<br \/><\/strong>Su pr\u00e1ctica diaria consiste en asesorar a clientes en materias de tributaci\u00f3n local e internacional, as\u00ed como apoyar al equipo en temas corporativos.<\/p><p>Se incorpor\u00f3 al equipo de Ulloa y Compa\u00f1\u00eda Abogados en 2023.<\/p><p><strong>Especialidades <br \/><\/strong>\u2013 Tributario<br \/>\u2013 Corporativo<\/p><p><strong>Experiencia<br \/><\/strong>\u2013 Trabaj\u00f3 en\u00a0Deloitte en el \u00e1rea International Tax como abogado (2022 \u2013 2023).<\/p><p><strong>Formaci\u00f3n<br \/><\/strong>\u2013 Licenciado en Derecho y Abogado, Pontificia Universidad Cat\u00f3lica de Chile (2020).<br \/>\u2013 Idiomas: espa\u00f1ol e ingl\u00e9s.<\/p>\t\t\t\t\t\t\t\t<\/div>\n\t\t\t\t<\/div>\n\t\t\t\t\t<\/div>\n\t\t<\/div>\n\t\t\t\t\t<\/div>\n\t\t<\/section>\n\t\t\t\t<section class=\"elementor-section elementor-top-section elementor-element elementor-element-b923f81 elementor-section-boxed elementor-section-height-default elementor-section-height-default\" data-id=\"b923f81\" data-element_type=\"section\">\n\t\t\t\t\t\t<div class=\"elementor-container elementor-column-gap-default\">\n\t\t\t\t\t<div class=\"elementor-column elementor-col-33 elementor-top-column elementor-element elementor-element-8a00821\" data-id=\"8a00821\" data-element_type=\"column\">\n\t\t\t<div class=\"elementor-widget-wrap\">\n\t\t\t\t\t\t\t<\/div>\n\t\t<\/div>\n\t\t\t\t<div class=\"elementor-column elementor-col-33 elementor-top-column elementor-element elementor-element-9e12309\" data-id=\"9e12309\" data-element_type=\"column\">\n\t\t\t<div class=\"elementor-widget-wrap elementor-element-populated\">\n\t\t\t\t\t\t<div class=\"elementor-element elementor-element-697ed95 elementor-widget elementor-widget-heading\" data-id=\"697ed95\" data-element_type=\"widget\" data-widget_type=\"heading.default\">\n\t\t\t\t<div class=\"elementor-widget-container\">\n\t\t\t\t\t<h2 class=\"elementor-heading-title elementor-size-default\"><a href=\"http:\/\/uycadvisors.com\/equipo\/\" style=\"color:#575757\">TODOS <\/a>    |      <a href=\"http:\/\/uycadvisors.com\/equipo\/\" style=\"color:#575757\">SOCIOS<\/a>     |      <a href=\"http:\/\/uycadvisors.com\/equipo\/\" style=\"color:#575757\">ABOGADOS<\/a>     |      <a href=\"http:\/\/uycadvisors.com\/equipo\/\" style=\"color:#575757\">AUDITORES<\/a><\/h2>\t\t\t\t<\/div>\n\t\t\t\t<\/div>\n\t\t\t\t\t<\/div>\n\t\t<\/div>\n\t\t\t\t<div class=\"elementor-column elementor-col-33 elementor-top-column elementor-element elementor-element-9cbb9ed\" data-id=\"9cbb9ed\" data-element_type=\"column\">\n\t\t\t<div class=\"elementor-widget-wrap elementor-element-populated\">\n\t\t\t\t\t\t<div class=\"elementor-element elementor-element-9ce97cd elementor-mobile-align-center elementor-widget elementor-widget-button\" data-id=\"9ce97cd\" data-element_type=\"widget\" data-widget_type=\"button.default\">\n\t\t\t\t<div class=\"elementor-widget-container\">\n\t\t\t\t\t\t\t\t\t<div class=\"elementor-button-wrapper\">\n\t\t\t\t\t<a class=\"elementor-button elementor-button-link elementor-size-sm\" href=\"https:\/\/uycadvisors.com\/francisca-alles\/\">\n\t\t\t\t\t\t<span class=\"elementor-button-content-wrapper\">\n\t\t\t\t\t\t<span class=\"elementor-button-icon\">\n\t\t\t\t<i aria-hidden=\"true\" class=\"fas fa-arrow-right\"><\/i>\t\t\t<\/span>\n\t\t\t\t\t\t\t\t\t<span class=\"elementor-button-text\"> SIGUIENTE<\/span>\n\t\t\t\t\t<\/span>\n\t\t\t\t\t<\/a>\n\t\t\t\t<\/div>\n\t\t\t\t\t\t\t\t<\/div>\n\t\t\t\t<\/div>\n\t\t\t\t\t<\/div>\n\t\t<\/div>\n\t\t\t\t\t<\/div>\n\t\t<\/section>\n\t\t\t\t<\/div>\n\t\t","protected":false},"excerpt":{"rendered":"<p>Nuestro equipo Nuestros profesionales, son un equipo de talento especializado, que cuenta con una s\u00f3lida formaci\u00f3n jur\u00eddica y econ\u00f3mica. Entregan un asesoramiento de m\u00e1xima calidad, en cualquier sector y l\u00ednea generacional en la que se encuentren nuestros clientes. Gaspar Bravo ABOGADO Mail: gbravo@uycia.cl Tel: +56 2 3224 6300 Oficina de Santiago Gaspar Bravo ABOGADO Abogado [&hellip;]<\/p>\n","protected":false},"author":3,"featured_media":0,"parent":0,"menu_order":0,"comment_status":"closed","ping_status":"closed","template":"elementor_header_footer","meta":{"om_disable_all_campaigns":false,"_monsterinsights_skip_tracking":false,"_monsterinsights_sitenote_active":false,"_monsterinsights_sitenote_note":"","_monsterinsights_sitenote_category":0,"footnotes":""},"class_list":["post-3319","page","type-page","status-publish","hentry"],"yoast_head":"<!-- This site is optimized with the Yoast SEO plugin v25.9 - https:\/\/yoast.com\/wordpress\/plugins\/seo\/ -->\n<title>Gaspar Bravo - Ulloa &amp; C\u00eda.<\/title>\n<meta name=\"robots\" content=\"index, follow, max-snippet:-1, max-image-preview:large, max-video-preview:-1\" \/>\n<link rel=\"canonical\" href=\"https:\/\/uycadvisor.com\/gaspar-bravo\/\" \/>\n<meta property=\"og:locale\" content=\"es_ES\" \/>\n<meta property=\"og:type\" content=\"article\" \/>\n<meta property=\"og:title\" content=\"Gaspar Bravo - Ulloa &amp; C\u00eda.\" \/>\n<meta property=\"og:description\" content=\"Nuestro equipo Nuestros profesionales, son un equipo de talento especializado, que cuenta con una s\u00f3lida formaci\u00f3n jur\u00eddica y econ\u00f3mica. Entregan un asesoramiento de m\u00e1xima calidad, en cualquier sector y l\u00ednea generacional en la que se encuentren nuestros clientes. Gaspar Bravo ABOGADO Mail: gbravo@uycia.cl Tel: +56 2 3224 6300 Oficina de Santiago Gaspar Bravo ABOGADO Abogado [&hellip;]\" \/>\n<meta property=\"og:url\" content=\"https:\/\/uycadvisor.com\/gaspar-bravo\/\" \/>\n<meta property=\"og:site_name\" content=\"Ulloa &amp; C\u00eda.\" \/>\n<meta property=\"article:modified_time\" content=\"2023-11-08T17:13:29+00:00\" \/>\n<meta property=\"og:image\" content=\"http:\/\/uycadvisors.com\/wp-content\/uploads\/2023\/09\/Gaspar-Bravo.jpg\" \/>\n<meta name=\"twitter:card\" content=\"summary_large_image\" \/>\n<meta name=\"twitter:label1\" content=\"Tiempo de lectura\" \/>\n\t<meta name=\"twitter:data1\" content=\"1 minuto\" \/>\n<script type=\"application\/ld+json\" class=\"yoast-schema-graph\">{\"@context\":\"https:\/\/schema.org\",\"@graph\":[{\"@type\":\"WebPage\",\"@id\":\"https:\/\/uycadvisor.com\/gaspar-bravo\/\",\"url\":\"https:\/\/uycadvisor.com\/gaspar-bravo\/\",\"name\":\"Gaspar Bravo - Ulloa &amp; C\u00eda.\",\"isPartOf\":{\"@id\":\"https:\/\/uycadvisor.com\/#website\"},\"primaryImageOfPage\":{\"@id\":\"https:\/\/uycadvisor.com\/gaspar-bravo\/#primaryimage\"},\"image\":{\"@id\":\"https:\/\/uycadvisor.com\/gaspar-bravo\/#primaryimage\"},\"thumbnailUrl\":\"http:\/\/uycadvisors.com\/wp-content\/uploads\/2023\/09\/Gaspar-Bravo.jpg\",\"datePublished\":\"2023-09-07T15:06:05+00:00\",\"dateModified\":\"2023-11-08T17:13:29+00:00\",\"breadcrumb\":{\"@id\":\"https:\/\/uycadvisor.com\/gaspar-bravo\/#breadcrumb\"},\"inLanguage\":\"es\",\"potentialAction\":[{\"@type\":\"ReadAction\",\"target\":[\"https:\/\/uycadvisor.com\/gaspar-bravo\/\"]}]},{\"@type\":\"ImageObject\",\"inLanguage\":\"es\",\"@id\":\"https:\/\/uycadvisor.com\/gaspar-bravo\/#primaryimage\",\"url\":\"http:\/\/uycadvisors.com\/wp-content\/uploads\/2023\/09\/Gaspar-Bravo.jpg\",\"contentUrl\":\"http:\/\/uycadvisors.com\/wp-content\/uploads\/2023\/09\/Gaspar-Bravo.jpg\"},{\"@type\":\"BreadcrumbList\",\"@id\":\"https:\/\/uycadvisor.com\/gaspar-bravo\/#breadcrumb\",\"itemListElement\":[{\"@type\":\"ListItem\",\"position\":1,\"name\":\"Portada\",\"item\":\"https:\/\/uycadvisor.com\/\"},{\"@type\":\"ListItem\",\"position\":2,\"name\":\"Gaspar Bravo\"}]},{\"@type\":\"WebSite\",\"@id\":\"https:\/\/uycadvisor.com\/#website\",\"url\":\"https:\/\/uycadvisor.com\/\",\"name\":\"Ulloa &amp; C\u00eda.\",\"description\":\"Somos especialistas en el \u00e1rea tributaria\",\"publisher\":{\"@id\":\"https:\/\/uycadvisor.com\/#organization\"},\"potentialAction\":[{\"@type\":\"SearchAction\",\"target\":{\"@type\":\"EntryPoint\",\"urlTemplate\":\"https:\/\/uycadvisor.com\/?s={search_term_string}\"},\"query-input\":{\"@type\":\"PropertyValueSpecification\",\"valueRequired\":true,\"valueName\":\"search_term_string\"}}],\"inLanguage\":\"es\"},{\"@type\":\"Organization\",\"@id\":\"https:\/\/uycadvisor.com\/#organization\",\"name\":\"Ulloa &amp; C\u00eda.\",\"url\":\"https:\/\/uycadvisor.com\/\",\"logo\":{\"@type\":\"ImageObject\",\"inLanguage\":\"es\",\"@id\":\"https:\/\/uycadvisor.com\/#\/schema\/logo\/image\/\",\"url\":\"https:\/\/uycadvisor.com\/wp-content\/uploads\/2024\/07\/Logo-BAJA.jpg\",\"contentUrl\":\"https:\/\/uycadvisor.com\/wp-content\/uploads\/2024\/07\/Logo-BAJA.jpg\",\"width\":398,\"height\":259,\"caption\":\"Ulloa &amp; C\u00eda.\"},\"image\":{\"@id\":\"https:\/\/uycadvisor.com\/#\/schema\/logo\/image\/\"}}]}<\/script>\n<!-- \/ Yoast SEO plugin. -->","yoast_head_json":{"title":"Gaspar Bravo - Ulloa &amp; C\u00eda.","robots":{"index":"index","follow":"follow","max-snippet":"max-snippet:-1","max-image-preview":"max-image-preview:large","max-video-preview":"max-video-preview:-1"},"canonical":"https:\/\/uycadvisor.com\/gaspar-bravo\/","og_locale":"es_ES","og_type":"article","og_title":"Gaspar Bravo - Ulloa &amp; C\u00eda.","og_description":"Nuestro equipo Nuestros profesionales, son un equipo de talento especializado, que cuenta con una s\u00f3lida formaci\u00f3n jur\u00eddica y econ\u00f3mica. Entregan un asesoramiento de m\u00e1xima calidad, en cualquier sector y l\u00ednea generacional en la que se encuentren nuestros clientes. Gaspar Bravo ABOGADO Mail: gbravo@uycia.cl Tel: +56 2 3224 6300 Oficina de Santiago Gaspar Bravo ABOGADO Abogado [&hellip;]","og_url":"https:\/\/uycadvisor.com\/gaspar-bravo\/","og_site_name":"Ulloa &amp; C\u00eda.","article_modified_time":"2023-11-08T17:13:29+00:00","og_image":[{"url":"http:\/\/uycadvisors.com\/wp-content\/uploads\/2023\/09\/Gaspar-Bravo.jpg","type":"","width":"","height":""}],"twitter_card":"summary_large_image","twitter_misc":{"Tiempo de lectura":"1 minuto"},"schema":{"@context":"https:\/\/schema.org","@graph":[{"@type":"WebPage","@id":"https:\/\/uycadvisor.com\/gaspar-bravo\/","url":"https:\/\/uycadvisor.com\/gaspar-bravo\/","name":"Gaspar Bravo - Ulloa &amp; C\u00eda.","isPartOf":{"@id":"https:\/\/uycadvisor.com\/#website"},"primaryImageOfPage":{"@id":"https:\/\/uycadvisor.com\/gaspar-bravo\/#primaryimage"},"image":{"@id":"https:\/\/uycadvisor.com\/gaspar-bravo\/#primaryimage"},"thumbnailUrl":"http:\/\/uycadvisors.com\/wp-content\/uploads\/2023\/09\/Gaspar-Bravo.jpg","datePublished":"2023-09-07T15:06:05+00:00","dateModified":"2023-11-08T17:13:29+00:00","breadcrumb":{"@id":"https:\/\/uycadvisor.com\/gaspar-bravo\/#breadcrumb"},"inLanguage":"es","potentialAction":[{"@type":"ReadAction","target":["https:\/\/uycadvisor.com\/gaspar-bravo\/"]}]},{"@type":"ImageObject","inLanguage":"es","@id":"https:\/\/uycadvisor.com\/gaspar-bravo\/#primaryimage","url":"http:\/\/uycadvisors.com\/wp-content\/uploads\/2023\/09\/Gaspar-Bravo.jpg","contentUrl":"http:\/\/uycadvisors.com\/wp-content\/uploads\/2023\/09\/Gaspar-Bravo.jpg"},{"@type":"BreadcrumbList","@id":"https:\/\/uycadvisor.com\/gaspar-bravo\/#breadcrumb","itemListElement":[{"@type":"ListItem","position":1,"name":"Portada","item":"https:\/\/uycadvisor.com\/"},{"@type":"ListItem","position":2,"name":"Gaspar Bravo"}]},{"@type":"WebSite","@id":"https:\/\/uycadvisor.com\/#website","url":"https:\/\/uycadvisor.com\/","name":"Ulloa &amp; C\u00eda.","description":"Somos especialistas en el \u00e1rea tributaria","publisher":{"@id":"https:\/\/uycadvisor.com\/#organization"},"potentialAction":[{"@type":"SearchAction","target":{"@type":"EntryPoint","urlTemplate":"https:\/\/uycadvisor.com\/?s={search_term_string}"},"query-input":{"@type":"PropertyValueSpecification","valueRequired":true,"valueName":"search_term_string"}}],"inLanguage":"es"},{"@type":"Organization","@id":"https:\/\/uycadvisor.com\/#organization","name":"Ulloa &amp; C\u00eda.","url":"https:\/\/uycadvisor.com\/","logo":{"@type":"ImageObject","inLanguage":"es","@id":"https:\/\/uycadvisor.com\/#\/schema\/logo\/image\/","url":"https:\/\/uycadvisor.com\/wp-content\/uploads\/2024\/07\/Logo-BAJA.jpg","contentUrl":"https:\/\/uycadvisor.com\/wp-content\/uploads\/2024\/07\/Logo-BAJA.jpg","width":398,"height":259,"caption":"Ulloa &amp; C\u00eda."},"image":{"@id":"https:\/\/uycadvisor.com\/#\/schema\/logo\/image\/"}}]}},"_links":{"self":[{"href":"https:\/\/uycadvisor.com\/es\/wp-json\/wp\/v2\/pages\/3319","targetHints":{"allow":["GET"]}}],"collection":[{"href":"https:\/\/uycadvisor.com\/es\/wp-json\/wp\/v2\/pages"}],"about":[{"href":"https:\/\/uycadvisor.com\/es\/wp-json\/wp\/v2\/types\/page"}],"author":[{"embeddable":true,"href":"https:\/\/uycadvisor.com\/es\/wp-json\/wp\/v2\/users\/3"}],"replies":[{"embeddable":true,"href":"https:\/\/uycadvisor.com\/es\/wp-json\/wp\/v2\/comments?post=3319"}],"version-history":[{"count":13,"href":"https:\/\/uycadvisor.com\/es\/wp-json\/wp\/v2\/pages\/3319\/revisions"}],"predecessor-version":[{"id":3460,"href":"https:\/\/uycadvisor.com\/es\/wp-json\/wp\/v2\/pages\/3319\/revisions\/3460"}],"wp:attachment":[{"href":"https:\/\/uycadvisor.com\/es\/wp-json\/wp\/v2\/media?parent=3319"}],"curies":[{"name":"wp","href":"https:\/\/api.w.org\/{rel}","templated":true}]}}