{"id":312,"date":"2021-04-10T09:04:48","date_gmt":"2021-04-10T13:04:48","guid":{"rendered":"http:\/\/uycadvisors.com\/?page_id=312"},"modified":"2021-05-28T10:23:10","modified_gmt":"2021-05-28T14:23:10","slug":"seminario-uandes","status":"publish","type":"page","link":"https:\/\/uycadvisor.com\/es\/seminario-uandes\/","title":{"rendered":"Seminario Uandes"},"content":{"rendered":"\t\t<div data-elementor-type=\"wp-page\" data-elementor-id=\"312\" class=\"elementor elementor-312\" data-elementor-post-type=\"page\">\n\t\t\t\t\t\t<section class=\"elementor-section elementor-top-section elementor-element elementor-element-4e67c970 elementor-section-full_width elementor-section-height-min-height elementor-section-height-default elementor-section-items-middle\" data-id=\"4e67c970\" data-element_type=\"section\" data-settings=\"{&quot;background_background&quot;:&quot;classic&quot;}\">\n\t\t\t\t\t\t\t<div class=\"elementor-background-overlay\"><\/div>\n\t\t\t\t\t\t\t<div class=\"elementor-container elementor-column-gap-default\">\n\t\t\t\t\t<div class=\"elementor-column elementor-col-100 elementor-top-column elementor-element elementor-element-175e96ea\" data-id=\"175e96ea\" data-element_type=\"column\">\n\t\t\t<div class=\"elementor-widget-wrap elementor-element-populated\">\n\t\t\t\t\t\t<div class=\"elementor-element elementor-element-3ef5ef0e elementor-widget elementor-widget-spacer\" data-id=\"3ef5ef0e\" data-element_type=\"widget\" data-widget_type=\"spacer.default\">\n\t\t\t\t<div class=\"elementor-widget-container\">\n\t\t\t\t\t\t\t<div class=\"elementor-spacer\">\n\t\t\t<div class=\"elementor-spacer-inner\"><\/div>\n\t\t<\/div>\n\t\t\t\t\t\t<\/div>\n\t\t\t\t<\/div>\n\t\t\t\t\t<\/div>\n\t\t<\/div>\n\t\t\t\t\t<\/div>\n\t\t<\/section>\n\t\t\t\t<section class=\"elementor-section elementor-top-section elementor-element elementor-element-2ed18bc7 elementor-section-boxed elementor-section-height-default elementor-section-height-default\" data-id=\"2ed18bc7\" data-element_type=\"section\" data-settings=\"{&quot;background_background&quot;:&quot;classic&quot;}\">\n\t\t\t\t\t\t<div class=\"elementor-container elementor-column-gap-default\">\n\t\t\t\t\t<div class=\"elementor-column elementor-col-100 elementor-top-column elementor-element elementor-element-4fb1b19e\" data-id=\"4fb1b19e\" data-element_type=\"column\">\n\t\t\t<div class=\"elementor-widget-wrap elementor-element-populated\">\n\t\t\t\t\t\t<section class=\"elementor-section elementor-inner-section elementor-element elementor-element-581e18b0 elementor-section-boxed elementor-section-height-default elementor-section-height-default\" data-id=\"581e18b0\" data-element_type=\"section\">\n\t\t\t\t\t\t<div class=\"elementor-container elementor-column-gap-default\">\n\t\t\t\t\t<div class=\"elementor-column elementor-col-33 elementor-inner-column elementor-element elementor-element-20fdadfc\" data-id=\"20fdadfc\" data-element_type=\"column\">\n\t\t\t<div class=\"elementor-widget-wrap elementor-element-populated\">\n\t\t\t\t\t\t<div class=\"elementor-element elementor-element-1b57f85e elementor-widget elementor-widget-heading\" data-id=\"1b57f85e\" data-element_type=\"widget\" data-widget_type=\"heading.default\">\n\t\t\t\t<div class=\"elementor-widget-container\">\n\t\t\t\t\t<h2 class=\"elementor-heading-title elementor-size-default\">Seminarios<\/h2>\t\t\t\t<\/div>\n\t\t\t\t<\/div>\n\t\t\t\t<div class=\"elementor-element elementor-element-13d805dd elementor-absolute elementor-widget-divider--view-line elementor-widget elementor-widget-divider\" data-id=\"13d805dd\" data-element_type=\"widget\" data-settings=\"{&quot;_position&quot;:&quot;absolute&quot;}\" data-widget_type=\"divider.default\">\n\t\t\t\t<div class=\"elementor-widget-container\">\n\t\t\t\t\t\t\t<div class=\"elementor-divider\">\n\t\t\t<span class=\"elementor-divider-separator\">\n\t\t\t\t\t\t<\/span>\n\t\t<\/div>\n\t\t\t\t\t\t<\/div>\n\t\t\t\t<\/div>\n\t\t\t\t\t<\/div>\n\t\t<\/div>\n\t\t\t\t<div class=\"elementor-column elementor-col-33 elementor-inner-column elementor-element elementor-element-6434e1fc\" data-id=\"6434e1fc\" data-element_type=\"column\">\n\t\t\t<div class=\"elementor-widget-wrap elementor-element-populated\">\n\t\t\t\t\t\t<div class=\"elementor-element elementor-element-1e3d5b89 elementor-widget elementor-widget-heading\" data-id=\"1e3d5b89\" data-element_type=\"widget\" data-widget_type=\"heading.default\">\n\t\t\t\t<div class=\"elementor-widget-container\">\n\t\t\t\t\t<h2 class=\"elementor-heading-title elementor-size-default\"><a href=\"http:\/\/uycadvisors.com\/seminario\/\">JUL 20, 2015<\/a><\/h2>\t\t\t\t<\/div>\n\t\t\t\t<\/div>\n\t\t\t\t<div class=\"elementor-element elementor-element-3fca55c0 elementor-align-right elementor-icon-list--layout-traditional elementor-list-item-link-full_width elementor-widget elementor-widget-icon-list\" data-id=\"3fca55c0\" data-element_type=\"widget\" data-widget_type=\"icon-list.default\">\n\t\t\t\t<div class=\"elementor-widget-container\">\n\t\t\t\t\t\t\t<ul class=\"elementor-icon-list-items\">\n\t\t\t\t\t\t\t<li class=\"elementor-icon-list-item\">\n\t\t\t\t\t\t\t\t\t\t\t<a href=\"http:\/\/uycadvisors.com\/seminario\/\">\n\n\t\t\t\t\t\t\t\t\t\t\t\t<span class=\"elementor-icon-list-icon\">\n\t\t\t\t\t\t\t<i aria-hidden=\"true\" class=\"fas fa-external-link-alt\"><\/i>\t\t\t\t\t\t<\/span>\n\t\t\t\t\t\t\t\t\t\t<span class=\"elementor-icon-list-text\">VOLVER<\/span>\n\t\t\t\t\t\t\t\t\t\t\t<\/a>\n\t\t\t\t\t\t\t\t\t<\/li>\n\t\t\t\t\t\t<\/ul>\n\t\t\t\t\t\t<\/div>\n\t\t\t\t<\/div>\n\t\t\t\t<div class=\"elementor-element elementor-element-5317148f elementor-widget elementor-widget-heading\" data-id=\"5317148f\" data-element_type=\"widget\" data-widget_type=\"heading.default\">\n\t\t\t\t<div class=\"elementor-widget-container\">\n\t\t\t\t\t<h2 class=\"elementor-heading-title elementor-size-default\">Abogado Nicol\u00e1s Ulloa analiza los cambios\n\ny modificaciones de la Reforma Tributaria<\/h2>\t\t\t\t<\/div>\n\t\t\t\t<\/div>\n\t\t\t\t<div class=\"elementor-element elementor-element-75d4dfe4 elementor-widget elementor-widget-text-editor\" data-id=\"75d4dfe4\" data-element_type=\"widget\" data-widget_type=\"text-editor.default\">\n\t\t\t\t<div class=\"elementor-widget-container\">\n\t\t\t\t\t\t\t\t\t<p>\u201cEstas reformas impactan a las personas, ya que generalmente se traspasa a precio el costo del impuesto\u201d, afirm\u00f3 el socio del Departamento de Asesor\u00eda Legal Tributaria en PwC.<\/p><p>Entender c\u00f3mo funcionan los impuestos y el tema tributario para una compa\u00f1\u00eda, especialmente para quienes las manejan, puede marcar la diferencia en la optimizaci\u00f3n de sus recursos y ganancias. De ah\u00ed la relevancia e inter\u00e9s de la Facultad de Ciencias Econ\u00f3micas y Empresariales de la UANDES de entregar -especialmente a sus alumnos y profesores- informaci\u00f3n respecto de c\u00f3mo la reforma tributaria modifica la ley actual.<\/p><p>Este fue el objetivo de la charla que dict\u00f3 el viernes 12 de junio el abogado Nicol\u00e1s Ulloa (DER 05), socio del Departamento de Asesor\u00eda Legal Tributaria en PwC, experto en tributaci\u00f3n local, derecho corporativo, reorganizaci\u00f3n de sociedades, creaci\u00f3n de estructuras de compra y venta de empresas.<\/p><p>Durante su presentaci\u00f3n, el abogado abord\u00f3 seis temas: el sistema actual del impuesto a la empresa versus los sistemas nuevos; la situaci\u00f3n del Fondo de Utilidades Tributables (FUT); la tributaci\u00f3n de los bienes ra\u00edces, acciones o derechos sociales y de los veh\u00edculos nuevos; las PYMES; el impuesto de timbres y estampillas; y, por \u00faltimo, las normas para combatir la elusi\u00f3n y evasi\u00f3n tributaria.<\/p>\t\t\t\t\t\t\t\t<\/div>\n\t\t\t\t<\/div>\n\t\t\t\t<div class=\"elementor-element elementor-element-4f6a3e7b elementor-widget elementor-widget-heading\" data-id=\"4f6a3e7b\" data-element_type=\"widget\" data-widget_type=\"heading.default\">\n\t\t\t\t<div class=\"elementor-widget-container\">\n\t\t\t\t\t<h2 class=\"elementor-heading-title elementor-size-default\">Detalles de la reforma<\/h2>\t\t\t\t<\/div>\n\t\t\t\t<\/div>\n\t\t\t\t<div class=\"elementor-element elementor-element-2ffd54c7 elementor-widget elementor-widget-text-editor\" data-id=\"2ffd54c7\" data-element_type=\"widget\" data-widget_type=\"text-editor.default\">\n\t\t\t\t<div class=\"elementor-widget-container\">\n\t\t\t\t\t\t\t\t\t<p id=\"u13631-16\">Entre los principales cambios, Ulloa destac\u00f3 la introducci\u00f3n de dos nuevos sistemas de tributaci\u00f3n del impuesto de primera categor\u00eda (impuesto a las empresas), los que coexistir\u00edan a partir de 2017. Estos son: el sistema de renta atribuida y el sistema parcialmente integrado.<\/p><p id=\"u13631-19\">Asimismo, afirm\u00f3 que \u201cse realiza un aumento gradual de la tasa de este impuesto, de un 20% a un 25% o 27%, dependiendo del r\u00e9gimen elegido\u201d.<\/p><p id=\"u13631-22\">Seg\u00fan el experto, la ley actual incentiva la capitalizaci\u00f3n de la empresa, penalizando el retiro de los recursos de la empresa para su gusto o consumo, con un impuesto. Con la reforma, explic\u00f3, \u201cse estableci\u00f3 un impuesto de tasa baja y se dispuso que, mientras los socios o accionistas no retiraran los recursos de la empresa, no pagar\u00edan Impuestos Finales, incentivando el ahorro\u201d.<\/p><p id=\"u13631-25\">Otra modificaci\u00f3n es el cr\u00e9dito por contribuci\u00f3n (renta). Seg\u00fan el abogado, este tipo de reformas impactan a las personas, ya que generalmente se traspasa a precio el costo del impuesto.<\/p><p id=\"u13631-27\">Algunos elementos a considerar con la reforma en relaci\u00f3n a los bienes ra\u00edces, es que ser\u00e1 considerado -s\u00f3lo para personas naturales- ingreso no constitutivo de renta (INR) hasta un monto de utilidad de UF 8.000, con tenencia de al menos un a\u00f1o, y en caso de subdivisi\u00f3n de terrenos y venta de edificios por pisos o departamento, de cuatro a\u00f1os.<\/p><p id=\"u13631-30\">En cuanto al IVA, estar\u00e1 exento para los beneficiarios de un subsidio habitacional que haya sido otorgado por el Ministerio de Vivienda y Urbanismo. Tampoco se aplicar\u00e1 a las ventas y otras transferencias de dominio de inmueble que se efect\u00faen en virtud de un acto o contrato cuya celebraci\u00f3n se hubiese hecho antes del 1 de enero de 2016; y las ventas, siempre que dichos bienes cuenten con el permiso de edificaci\u00f3n al 1 de enero de 2016, as\u00ed como las ventas respectivas que se efect\u00faen entre el 1 de enero de 2016 al 1 de enero de 2017.<\/p><p id=\"u13631-33\">Respecto a los veh\u00edculos nuevos, se introducir\u00e1n ciertos impuestos verdes, a fin de resguardar la calidad ambiental, que estar\u00e1n determinados por la emisi\u00f3n de \u00f3xido de nitr\u00f3geno, el rendimiento urbano del veh\u00edculo y el precio de venta del autom\u00f3vil.<\/p><p>Para las PYMES, por su parte, desde el 1 de enero de 2017 se establecen dos reg\u00edmenes especiales. Uno aplicable a sociedades de ingresos inferiores a UF 50.000 y otro aplicable a sociedades con ingresos inferiores a UF 100.000.<\/p>\t\t\t\t\t\t\t\t<\/div>\n\t\t\t\t<\/div>\n\t\t\t\t\t<\/div>\n\t\t<\/div>\n\t\t\t\t<div class=\"elementor-column elementor-col-33 elementor-inner-column elementor-element elementor-element-4d98a5ad\" data-id=\"4d98a5ad\" data-element_type=\"column\">\n\t\t\t<div class=\"elementor-widget-wrap\">\n\t\t\t\t\t\t\t<\/div>\n\t\t<\/div>\n\t\t\t\t\t<\/div>\n\t\t<\/section>\n\t\t\t\t\t<\/div>\n\t\t<\/div>\n\t\t\t\t\t<\/div>\n\t\t<\/section>\n\t\t\t\t<\/div>\n\t\t","protected":false},"excerpt":{"rendered":"<p>Seminarios JUL 20, 2015 VOLVER Abogado Nicol\u00e1s Ulloa analiza los cambios y modificaciones de la Reforma Tributaria \u201cEstas reformas impactan a las personas, ya que generalmente se traspasa a precio el costo del impuesto\u201d, afirm\u00f3 el socio del Departamento de Asesor\u00eda Legal Tributaria en PwC. Entender c\u00f3mo funcionan los impuestos y el tema tributario para [&hellip;]<\/p>\n","protected":false},"author":2,"featured_media":0,"parent":0,"menu_order":0,"comment_status":"closed","ping_status":"closed","template":"elementor_header_footer","meta":{"om_disable_all_campaigns":false,"_monsterinsights_skip_tracking":false,"_monsterinsights_sitenote_active":false,"_monsterinsights_sitenote_note":"","_monsterinsights_sitenote_category":0,"footnotes":""},"class_list":["post-312","page","type-page","status-publish","hentry"],"yoast_head":"<!-- This site is optimized with the Yoast SEO plugin v25.9 - https:\/\/yoast.com\/wordpress\/plugins\/seo\/ -->\n<title>Seminario Uandes - Ulloa &amp; C\u00eda.<\/title>\n<meta name=\"robots\" content=\"index, follow, max-snippet:-1, max-image-preview:large, max-video-preview:-1\" \/>\n<link rel=\"canonical\" href=\"https:\/\/uycadvisor.com\/seminario-uandes\/\" \/>\n<meta property=\"og:locale\" content=\"es_ES\" \/>\n<meta property=\"og:type\" content=\"article\" \/>\n<meta property=\"og:title\" content=\"Seminario Uandes - Ulloa &amp; C\u00eda.\" \/>\n<meta property=\"og:description\" content=\"Seminarios JUL 20, 2015 VOLVER Abogado Nicol\u00e1s Ulloa analiza los cambios y modificaciones de la Reforma Tributaria \u201cEstas reformas impactan a las personas, ya que generalmente se traspasa a precio el costo del impuesto\u201d, afirm\u00f3 el socio del Departamento de Asesor\u00eda Legal Tributaria en PwC. Entender c\u00f3mo funcionan los impuestos y el tema tributario para [&hellip;]\" \/>\n<meta property=\"og:url\" content=\"https:\/\/uycadvisor.com\/seminario-uandes\/\" \/>\n<meta property=\"og:site_name\" content=\"Ulloa &amp; C\u00eda.\" \/>\n<meta property=\"article:modified_time\" content=\"2021-05-28T14:23:10+00:00\" \/>\n<meta name=\"twitter:card\" content=\"summary_large_image\" \/>\n<meta name=\"twitter:label1\" content=\"Tiempo de lectura\" \/>\n\t<meta name=\"twitter:data1\" content=\"3 minutos\" \/>\n<script type=\"application\/ld+json\" class=\"yoast-schema-graph\">{\"@context\":\"https:\/\/schema.org\",\"@graph\":[{\"@type\":\"WebPage\",\"@id\":\"https:\/\/uycadvisor.com\/seminario-uandes\/\",\"url\":\"https:\/\/uycadvisor.com\/seminario-uandes\/\",\"name\":\"Seminario Uandes - Ulloa &amp; C\u00eda.\",\"isPartOf\":{\"@id\":\"https:\/\/uycadvisor.com\/#website\"},\"datePublished\":\"2021-04-10T13:04:48+00:00\",\"dateModified\":\"2021-05-28T14:23:10+00:00\",\"breadcrumb\":{\"@id\":\"https:\/\/uycadvisor.com\/seminario-uandes\/#breadcrumb\"},\"inLanguage\":\"es\",\"potentialAction\":[{\"@type\":\"ReadAction\",\"target\":[\"https:\/\/uycadvisor.com\/seminario-uandes\/\"]}]},{\"@type\":\"BreadcrumbList\",\"@id\":\"https:\/\/uycadvisor.com\/seminario-uandes\/#breadcrumb\",\"itemListElement\":[{\"@type\":\"ListItem\",\"position\":1,\"name\":\"Portada\",\"item\":\"https:\/\/uycadvisor.com\/\"},{\"@type\":\"ListItem\",\"position\":2,\"name\":\"Seminario Uandes\"}]},{\"@type\":\"WebSite\",\"@id\":\"https:\/\/uycadvisor.com\/#website\",\"url\":\"https:\/\/uycadvisor.com\/\",\"name\":\"Ulloa &amp; C\u00eda.\",\"description\":\"Somos especialistas en el \u00e1rea tributaria\",\"publisher\":{\"@id\":\"https:\/\/uycadvisor.com\/#organization\"},\"potentialAction\":[{\"@type\":\"SearchAction\",\"target\":{\"@type\":\"EntryPoint\",\"urlTemplate\":\"https:\/\/uycadvisor.com\/?s={search_term_string}\"},\"query-input\":{\"@type\":\"PropertyValueSpecification\",\"valueRequired\":true,\"valueName\":\"search_term_string\"}}],\"inLanguage\":\"es\"},{\"@type\":\"Organization\",\"@id\":\"https:\/\/uycadvisor.com\/#organization\",\"name\":\"Ulloa &amp; C\u00eda.\",\"url\":\"https:\/\/uycadvisor.com\/\",\"logo\":{\"@type\":\"ImageObject\",\"inLanguage\":\"es\",\"@id\":\"https:\/\/uycadvisor.com\/#\/schema\/logo\/image\/\",\"url\":\"https:\/\/uycadvisor.com\/wp-content\/uploads\/2024\/07\/Logo-BAJA.jpg\",\"contentUrl\":\"https:\/\/uycadvisor.com\/wp-content\/uploads\/2024\/07\/Logo-BAJA.jpg\",\"width\":398,\"height\":259,\"caption\":\"Ulloa &amp; C\u00eda.\"},\"image\":{\"@id\":\"https:\/\/uycadvisor.com\/#\/schema\/logo\/image\/\"}}]}<\/script>\n<!-- \/ Yoast SEO plugin. -->","yoast_head_json":{"title":"Seminario Uandes - Ulloa &amp; C\u00eda.","robots":{"index":"index","follow":"follow","max-snippet":"max-snippet:-1","max-image-preview":"max-image-preview:large","max-video-preview":"max-video-preview:-1"},"canonical":"https:\/\/uycadvisor.com\/seminario-uandes\/","og_locale":"es_ES","og_type":"article","og_title":"Seminario Uandes - Ulloa &amp; C\u00eda.","og_description":"Seminarios JUL 20, 2015 VOLVER Abogado Nicol\u00e1s Ulloa analiza los cambios y modificaciones de la Reforma Tributaria \u201cEstas reformas impactan a las personas, ya que generalmente se traspasa a precio el costo del impuesto\u201d, afirm\u00f3 el socio del Departamento de Asesor\u00eda Legal Tributaria en PwC. Entender c\u00f3mo funcionan los impuestos y el tema tributario para [&hellip;]","og_url":"https:\/\/uycadvisor.com\/seminario-uandes\/","og_site_name":"Ulloa &amp; C\u00eda.","article_modified_time":"2021-05-28T14:23:10+00:00","twitter_card":"summary_large_image","twitter_misc":{"Tiempo de lectura":"3 minutos"},"schema":{"@context":"https:\/\/schema.org","@graph":[{"@type":"WebPage","@id":"https:\/\/uycadvisor.com\/seminario-uandes\/","url":"https:\/\/uycadvisor.com\/seminario-uandes\/","name":"Seminario Uandes - Ulloa &amp; C\u00eda.","isPartOf":{"@id":"https:\/\/uycadvisor.com\/#website"},"datePublished":"2021-04-10T13:04:48+00:00","dateModified":"2021-05-28T14:23:10+00:00","breadcrumb":{"@id":"https:\/\/uycadvisor.com\/seminario-uandes\/#breadcrumb"},"inLanguage":"es","potentialAction":[{"@type":"ReadAction","target":["https:\/\/uycadvisor.com\/seminario-uandes\/"]}]},{"@type":"BreadcrumbList","@id":"https:\/\/uycadvisor.com\/seminario-uandes\/#breadcrumb","itemListElement":[{"@type":"ListItem","position":1,"name":"Portada","item":"https:\/\/uycadvisor.com\/"},{"@type":"ListItem","position":2,"name":"Seminario Uandes"}]},{"@type":"WebSite","@id":"https:\/\/uycadvisor.com\/#website","url":"https:\/\/uycadvisor.com\/","name":"Ulloa &amp; C\u00eda.","description":"Somos especialistas en el \u00e1rea tributaria","publisher":{"@id":"https:\/\/uycadvisor.com\/#organization"},"potentialAction":[{"@type":"SearchAction","target":{"@type":"EntryPoint","urlTemplate":"https:\/\/uycadvisor.com\/?s={search_term_string}"},"query-input":{"@type":"PropertyValueSpecification","valueRequired":true,"valueName":"search_term_string"}}],"inLanguage":"es"},{"@type":"Organization","@id":"https:\/\/uycadvisor.com\/#organization","name":"Ulloa &amp; C\u00eda.","url":"https:\/\/uycadvisor.com\/","logo":{"@type":"ImageObject","inLanguage":"es","@id":"https:\/\/uycadvisor.com\/#\/schema\/logo\/image\/","url":"https:\/\/uycadvisor.com\/wp-content\/uploads\/2024\/07\/Logo-BAJA.jpg","contentUrl":"https:\/\/uycadvisor.com\/wp-content\/uploads\/2024\/07\/Logo-BAJA.jpg","width":398,"height":259,"caption":"Ulloa &amp; C\u00eda."},"image":{"@id":"https:\/\/uycadvisor.com\/#\/schema\/logo\/image\/"}}]}},"_links":{"self":[{"href":"https:\/\/uycadvisor.com\/es\/wp-json\/wp\/v2\/pages\/312","targetHints":{"allow":["GET"]}}],"collection":[{"href":"https:\/\/uycadvisor.com\/es\/wp-json\/wp\/v2\/pages"}],"about":[{"href":"https:\/\/uycadvisor.com\/es\/wp-json\/wp\/v2\/types\/page"}],"author":[{"embeddable":true,"href":"https:\/\/uycadvisor.com\/es\/wp-json\/wp\/v2\/users\/2"}],"replies":[{"embeddable":true,"href":"https:\/\/uycadvisor.com\/es\/wp-json\/wp\/v2\/comments?post=312"}],"version-history":[{"count":36,"href":"https:\/\/uycadvisor.com\/es\/wp-json\/wp\/v2\/pages\/312\/revisions"}],"predecessor-version":[{"id":1454,"href":"https:\/\/uycadvisor.com\/es\/wp-json\/wp\/v2\/pages\/312\/revisions\/1454"}],"wp:attachment":[{"href":"https:\/\/uycadvisor.com\/es\/wp-json\/wp\/v2\/media?parent=312"}],"curies":[{"name":"wp","href":"https:\/\/api.w.org\/{rel}","templated":true}]}}